{"id":87,"date":"2012-04-12T08:58:49","date_gmt":"2012-04-12T13:58:49","guid":{"rendered":"http:\/\/www.teccial.com\/teccial\/?page_id=87"},"modified":"2012-04-14T06:19:07","modified_gmt":"2012-04-14T11:19:07","slug":"informacion-corporativa","status":"publish","type":"page","link":"http:\/\/teccial.com\/teccial\/?page_id=87","title":{"rendered":"Informaci\u00f3n Corporativa"},"content":{"rendered":"<div class=\"container\">\n<div class=\"span-23 last\">\n<div class=\"span-23 last\">\n<div class=\"span-23 append-bottom last\"><img loading=\"lazy\" src=\"http:\/\/www.teccial.com\/teccial\/wp-content\/uploads\/pb000.png\" alt=\"\" width=\"910\" height=\"250\" \/><\/div>\n<div class=\"span-23 append-bottom last\">\n<div class=\"alinea\">\n<p>Technology Equinoccial TECCIAL S.A. es un proveedor pionero e integrador de tecnolog\u00edas de sistemas GPS \/ GSM \/ Sat\u00e9lite, administraci\u00f3n de flotas, seguridad, SCADA (soluciones industriales), y de sistemas de captura de datos.<\/p>\n<p>Technology Equinoccial TECCIAL S.A. ofrece una amplia variedad de productos de Voz y Datos que incluyen: m\u00f3dulos inteligentes GSM+GPRS, radio y Satelital, SCADA, Telemetr\u00eda, sistemas de localizaci\u00f3n vehicular  y administraci\u00f3n de flotas.<\/p>\n<p>Contamos con profesionales expertos y de alta formaci\u00f3n acad\u00e9mica en cada una de las \u00e1reas tecnol\u00f3gicas, con objetivos de generar soluciones de alta calidad y con capacidad de integrar nuestros productos en los diferentes tipos de industrias.<\/p>\n<p>Somos capaces de brindar soluciones tecnol\u00f3gicas \u00f3 implementar nuevas tecnolog\u00edas que requiere nuestros clientes en el menor tiempo posible, puesto que el equipo de profesionales como tecnol\u00f3gico estar\u00e1 a su disposici\u00f3n las 24 horas del d\u00eda.<\/p>\n<p>Soluciones de calidad a tiempo y al menor costo marcan la diferencia al momento de escoger a Teccial S.A.<\/p>\n<\/div>\n<\/div>\n<\/div>\n<div class=\"span-23 last\">\n<div class=\"span-10 append-1\">\n<p><div class=\"note-pin br3 note-padd mb1e\"><div>             Misi\u00f3n             <\/div><\/div><a href=\"http:\/\/www.teccial.com\/teccial\/wp-content\/uploads\/2012\/04\/Teccialmision.jpg\"><img loading=\"lazy\" class=\"alignleft size-full wp-image-236\" title=\"Teccialmision\" src=\"http:\/\/www.teccial.com\/teccial\/wp-content\/uploads\/2012\/04\/Teccialmision.jpg\" alt=\"\" width=\"172\" height=\"148\" \/><\/a><\/p>\n<div class=\"alinea\">\n<p>Es liberar a nuestros clientes de tareas relacionadas con la computaci\u00f3n, inform\u00e1tica, electr\u00f3nica y telecomunicaciones, proporcionando una base tecnol\u00f3gica s\u00f3lida que permita un desarrollo global y eficiente de su negocio.<\/p>\n<p>Hoy nuestra empresa ha logrado reunir un nutrido grupo de especialistas y colaboradores que cubren sobradamente todas las necesidades operativas de cualquier empresa Ecuatoriana.<\/p>\n<p>Nuestra trayectoria constituye el mejor aval de nuestra profesionalidad. Conocemos las particularidades del mercado Ecuatoriano y proponemos soluciones globales e integradas, realmente ajustadas a las necesidades concretas de cada empresa.<\/p>\n<p><a href=\"http:\/\/www.teccial.com\/teccial\/wp-content\/uploads\/2012\/04\/TeccialCorpo1.jpg\"><img loading=\"lazy\" class=\"alignnone size-full wp-image-194\" title=\"TeccialCorpo\" src=\"http:\/\/www.teccial.com\/teccial\/wp-content\/uploads\/2012\/04\/TeccialCorpo1.jpg\" alt=\"telematica\" width=\"783\" height=\"461\" srcset=\"http:\/\/teccial.com\/wp-content\/uploads\/2012\/04\/TeccialCorpo1.jpg 998w, http:\/\/teccial.com\/wp-content\/uploads\/2012\/04\/TeccialCorpo1-300x176.jpg 300w, http:\/\/teccial.com\/wp-content\/uploads\/2012\/04\/TeccialCorpo1-150x88.jpg 150w\" sizes=\"(max-width: 783px) 100vw, 783px\" \/><\/a><\/p>\n<\/div>\n<\/div>\n<div class=\"span-12 last\">\n<p><div class=\"note-pin br3 note-padd mb1e\"><div>             Visi\u00f3n             <\/div><\/div> <a href=\"http:\/\/www.teccial.com\/teccial\/wp-content\/uploads\/2012\/04\/Teccialvision.jpg\"><img loading=\"lazy\" class=\"alignleft size-full wp-image-237\" title=\"Teccialvision\" src=\"http:\/\/www.teccial.com\/teccial\/wp-content\/uploads\/2012\/04\/Teccialvision.jpg\" alt=\"\" width=\"172\" height=\"148\" \/><\/a><\/p>\n<div class=\"alinea\">\n<p>Ser l\u00edderes en el mercado de soluciones tecnol\u00f3gicas de telemetr\u00eda y telem\u00e1tica, procurando siempre mantener la excelencia en la calidad del servicio al cliente.<\/p>\n<p>Desde el primer momento, apostamos por ofrecer soluciones inteligentes de gesti\u00f3n e inform\u00e1tica integrada, de alta calidad, de bajo costo y que simplifiquen las tareas, aumentando as\u00ed, la productividad de nuestros clientes.<\/p>\n<\/div>\n<div class=\"alinea\"><img class=\"aligncenter\" src=\"http:\/\/www.teccial.com\/teccial\/wp-content\/themes\/starttica\/images\/ima_paginas\/pag033.png\" alt=\"\" \/><\/div>\n<\/div>\n<\/div>\n<\/div>\n<\/div>\n<div id=\"_mcePaste\" class=\"mcePaste\" style=\"position: absolute; left: -10000px; top: 674px; width: 1px; height: 1px; overflow: hidden;\"><img loading=\"lazy\" title=\"TeccialCorpo\" src=\"data:image\/png;&lt;img class=\" alt=\"Telematica\" width=\"998\" height=\"588\" \/><\/div>\n","protected":false},"excerpt":{"rendered":"<p>Technology Equinoccial TECCIAL S.A. es un proveedor pionero e integrador de tecnolog\u00edas de sistemas GPS \/ GSM \/ Sat\u00e9lite, administraci\u00f3n de flotas, seguridad, SCADA (soluciones [&hellip;]<\/p>\n","protected":false},"author":1,"featured_media":0,"parent":85,"menu_order":0,"comment_status":"open","ping_status":"open","template":"","meta":[],"_links":{"self":[{"href":"http:\/\/teccial.com\/teccial\/index.php?rest_route=\/wp\/v2\/pages\/87"}],"collection":[{"href":"http:\/\/teccial.com\/teccial\/index.php?rest_route=\/wp\/v2\/pages"}],"about":[{"href":"http:\/\/teccial.com\/teccial\/index.php?rest_route=\/wp\/v2\/types\/page"}],"author":[{"embeddable":true,"href":"http:\/\/teccial.com\/teccial\/index.php?rest_route=\/wp\/v2\/users\/1"}],"replies":[{"embeddable":true,"href":"http:\/\/teccial.com\/teccial\/index.php?rest_route=%2Fwp%2Fv2%2Fcomments&post=87"}],"version-history":[{"count":15,"href":"http:\/\/teccial.com\/teccial\/index.php?rest_route=\/wp\/v2\/pages\/87\/revisions"}],"predecessor-version":[{"id":242,"href":"http:\/\/teccial.com\/teccial\/index.php?rest_route=\/wp\/v2\/pages\/87\/revisions\/242"}],"up":[{"embeddable":true,"href":"http:\/\/teccial.com\/teccial\/index.php?rest_route=\/wp\/v2\/pages\/85"}],"wp:attachment":[{"href":"http:\/\/teccial.com\/teccial\/index.php?rest_route=%2Fwp%2Fv2%2Fmedia&parent=87"}],"curies":[{"name":"wp","href":"https:\/\/api.w.org\/{rel}","templated":true}]}}