{"id":78,"date":"2012-04-12T06:18:10","date_gmt":"2012-04-12T11:18:10","guid":{"rendered":"http:\/\/www.teccial.com\/teccial\/?page_id=78"},"modified":"2012-04-16T11:56:13","modified_gmt":"2012-04-16T16:56:13","slug":"servicio-de-telemetria-y-gps","status":"publish","type":"page","link":"http:\/\/teccial.com\/teccial\/?page_id=78","title":{"rendered":"Servicio de Telemetr\u00eda y GPS"},"content":{"rendered":"<div class=\"textoarticulo\">\n<div style=\"float: left; margin: 0 10px 10px 0;\"><img loading=\"lazy\" class=\"alignleft size-full wp-image-393\" title=\"sateliteTECC\" src=\"http:\/\/www.teccial.com\/teccial\/wp-content\/uploads\/2012\/04\/sateliteTECC1.jpg\" alt=\"\" width=\"216\" height=\"163\" srcset=\"http:\/\/teccial.com\/wp-content\/uploads\/2012\/04\/sateliteTECC1.jpg 216w, http:\/\/teccial.com\/wp-content\/uploads\/2012\/04\/sateliteTECC1-150x113.jpg 150w\" sizes=\"(max-width: 216px) 100vw, 216px\" \/><\/div>\n<div class=\"textoarticulo\"><strong>Telemetr\u00eda Log\u00edstica<\/strong>::<\/div>\n<div class=\"textoarticulo\">Nuestras Soluciones de PRODUCTIVIDAD, MOVILIDAD, LOG\u00cdSTICA y LOCALIZACI\u00d3N se soportan en las Plataformas Tecnol\u00f3gicas, FastSeeker AVL. \/ 2TPI\u00a0 OBC-T\/ SAE OBC-T<\/div>\n<div class=\"textoarticulo\"><\/div>\n<div class=\"textoarticulo\">Al contar con nuestro servicio especializado, Su empresa obtendr\u00e1\u00a0 la mejor y m\u00e1s efectiva tecnolog\u00eda de punta, con dispositivos m\u00f3viles, sistemas GIS, medios inal\u00e1mbricos de comunicaci\u00f3n con integraci\u00f3n de Automatizaci\u00f3n e Ingenier\u00eda Telem\u00e1tica Vehicular Integral estructurada y personalizada a su log\u00edstica y operaci\u00f3n.<\/div>\n<p>&nbsp;<\/p>\n<\/div>\n<p style=\"text-align: justify;\"><a href=\"http:\/\/www.teccial.com\/teccial\/wp-content\/uploads\/2012\/04\/TECCIALondas3.jpg\"><img loading=\"lazy\" class=\"alignnone size-full wp-image-341\" title=\"TECCIALondas\" src=\"http:\/\/www.teccial.com\/teccial\/wp-content\/uploads\/2012\/04\/TECCIALondas3.jpg\" alt=\"teccial\" width=\"566\" height=\"143\" srcset=\"http:\/\/teccial.com\/wp-content\/uploads\/2012\/04\/TECCIALondas3.jpg 566w, http:\/\/teccial.com\/wp-content\/uploads\/2012\/04\/TECCIALondas3-300x75.jpg 300w, http:\/\/teccial.com\/wp-content\/uploads\/2012\/04\/TECCIALondas3-150x37.jpg 150w\" sizes=\"(max-width: 566px) 100vw, 566px\" \/><\/a><\/p>\n","protected":false},"excerpt":{"rendered":"<p>Telemetr\u00eda Log\u00edstica:: Nuestras Soluciones de PRODUCTIVIDAD, MOVILIDAD, LOG\u00cdSTICA y LOCALIZACI\u00d3N se soportan en las Plataformas Tecnol\u00f3gicas, FastSeeker AVL. \/ 2TPI\u00a0 OBC-T\/ SAE OBC-T Al contar [&hellip;]<\/p>\n","protected":false},"author":1,"featured_media":0,"parent":31,"menu_order":1,"comment_status":"open","ping_status":"open","template":"","meta":[],"_links":{"self":[{"href":"http:\/\/teccial.com\/teccial\/index.php?rest_route=\/wp\/v2\/pages\/78"}],"collection":[{"href":"http:\/\/teccial.com\/teccial\/index.php?rest_route=\/wp\/v2\/pages"}],"about":[{"href":"http:\/\/teccial.com\/teccial\/index.php?rest_route=\/wp\/v2\/types\/page"}],"author":[{"embeddable":true,"href":"http:\/\/teccial.com\/teccial\/index.php?rest_route=\/wp\/v2\/users\/1"}],"replies":[{"embeddable":true,"href":"http:\/\/teccial.com\/teccial\/index.php?rest_route=%2Fwp%2Fv2%2Fcomments&post=78"}],"version-history":[{"count":2,"href":"http:\/\/teccial.com\/teccial\/index.php?rest_route=\/wp\/v2\/pages\/78\/revisions"}],"predecessor-version":[{"id":394,"href":"http:\/\/teccial.com\/teccial\/index.php?rest_route=\/wp\/v2\/pages\/78\/revisions\/394"}],"up":[{"embeddable":true,"href":"http:\/\/teccial.com\/teccial\/index.php?rest_route=\/wp\/v2\/pages\/31"}],"wp:attachment":[{"href":"http:\/\/teccial.com\/teccial\/index.php?rest_route=%2Fwp%2Fv2%2Fmedia&parent=78"}],"curies":[{"name":"wp","href":"https:\/\/api.w.org\/{rel}","templated":true}]}}