{"id":76,"date":"2012-04-12T06:17:13","date_gmt":"2012-04-12T11:17:13","guid":{"rendered":"http:\/\/www.teccial.com\/teccial\/?page_id=76"},"modified":"2012-04-16T11:49:49","modified_gmt":"2012-04-16T16:49:49","slug":"servicio-de-streaming","status":"publish","type":"page","link":"http:\/\/teccial.com\/teccial\/?page_id=76","title":{"rendered":"Servicio de Streaming"},"content":{"rendered":"<div class=\"textoarticulo\">\n<div style=\"float: left; margin: 0 10px 10px 0;\"><img loading=\"lazy\" src=\"http:\/\/www.teccial.com\/teccial\/wp-content\/themes\/starttica\/images\/ima_paginas\/pag000.png\" alt=\"\" width=\"232\" height=\"232\" \/><\/div>\n<p><strong>Nuestro Servicio de Streaming<\/strong> est\u00e1 destinado a la publicaci\u00f3n y  distribuci\u00f3n de v\u00eddeo en streaming a  trav\u00e9s de Internet, con capacidad  de emisi\u00f3n de v\u00eddeo con alta seguridad. Este servicio incluye tecnolog\u00eda  Dynamic Stream y Mobile.  nuestra tecnolog\u00eda Streaming le permite usar nuestros servidores lo cuales son compatibles con todos los dispositivos M\u00f3viles y Tablets del mercado a nivel mundial.<\/p>\n<\/div>\n<p style=\"text-align: justify;\"><a href=\"http:\/\/www.teccial.com\/teccial\/wp-content\/uploads\/2012\/04\/TECCIALondas3.jpg\"><img loading=\"lazy\" class=\"alignnone size-full wp-image-341\" title=\"TECCIALondas\" src=\"http:\/\/www.teccial.com\/teccial\/wp-content\/uploads\/2012\/04\/TECCIALondas3.jpg\" alt=\"teccial\" width=\"566\" height=\"143\" srcset=\"http:\/\/teccial.com\/wp-content\/uploads\/2012\/04\/TECCIALondas3.jpg 566w, http:\/\/teccial.com\/wp-content\/uploads\/2012\/04\/TECCIALondas3-300x75.jpg 300w, http:\/\/teccial.com\/wp-content\/uploads\/2012\/04\/TECCIALondas3-150x37.jpg 150w\" sizes=\"(max-width: 566px) 100vw, 566px\" \/><\/a><\/p>\n","protected":false},"excerpt":{"rendered":"<p>Nuestro Servicio de Streaming est\u00e1 destinado a la publicaci\u00f3n y distribuci\u00f3n de v\u00eddeo en streaming a trav\u00e9s de Internet, con capacidad de emisi\u00f3n de v\u00eddeo [&hellip;]<\/p>\n","protected":false},"author":1,"featured_media":0,"parent":31,"menu_order":1,"comment_status":"closed","ping_status":"closed","template":"","meta":[],"_links":{"self":[{"href":"http:\/\/teccial.com\/teccial\/index.php?rest_route=\/wp\/v2\/pages\/76"}],"collection":[{"href":"http:\/\/teccial.com\/teccial\/index.php?rest_route=\/wp\/v2\/pages"}],"about":[{"href":"http:\/\/teccial.com\/teccial\/index.php?rest_route=\/wp\/v2\/types\/page"}],"author":[{"embeddable":true,"href":"http:\/\/teccial.com\/teccial\/index.php?rest_route=\/wp\/v2\/users\/1"}],"replies":[{"embeddable":true,"href":"http:\/\/teccial.com\/teccial\/index.php?rest_route=%2Fwp%2Fv2%2Fcomments&post=76"}],"version-history":[{"count":3,"href":"http:\/\/teccial.com\/teccial\/index.php?rest_route=\/wp\/v2\/pages\/76\/revisions"}],"predecessor-version":[{"id":388,"href":"http:\/\/teccial.com\/teccial\/index.php?rest_route=\/wp\/v2\/pages\/76\/revisions\/388"}],"up":[{"embeddable":true,"href":"http:\/\/teccial.com\/teccial\/index.php?rest_route=\/wp\/v2\/pages\/31"}],"wp:attachment":[{"href":"http:\/\/teccial.com\/teccial\/index.php?rest_route=%2Fwp%2Fv2%2Fmedia&parent=76"}],"curies":[{"name":"wp","href":"https:\/\/api.w.org\/{rel}","templated":true}]}}