{"id":729,"date":"2015-09-27T17:45:11","date_gmt":"2015-09-27T22:45:11","guid":{"rendered":"http:\/\/teccial.com\/teccial\/?page_id=729"},"modified":"2015-09-28T07:25:22","modified_gmt":"2015-09-28T12:25:22","slug":"servicio-de-internet","status":"publish","type":"page","link":"http:\/\/teccial.com\/teccial\/?page_id=729","title":{"rendered":"Servicio de Internet"},"content":{"rendered":"<h2>\u00a1Los mejores planes de internet.!<\/h2>\n<p><big><big>Cont\u00e1ctate con nuestra empresa para brindarte los mejores planes del servicio t\u00fa necesitas.<\/big><\/big><\/p>\n<p><strong>Home:<\/strong> Plan  que te permitir\u00e1 iniciarte en el maravilloso mundo del Internet, te  permitir\u00e1 realizar tus tareas desde la comodidad de tu hogar.<\/p>\n<p>&nbsp;<br \/>\n<a href=\"http:\/\/teccial.com\/teccial\/wp-content\/uploads\/2015\/09\/ventas_.jpg\"><img loading=\"lazy\" src=\"http:\/\/teccial.com\/teccial\/wp-content\/uploads\/2015\/09\/ventas_.jpg\" alt=\"\" title=\"ventas_\" width=\"600\" height=\"125\" class=\"alignnone size-full wp-image-739\" \/><\/a><br \/>\n&nbsp;<\/p>\n<p><strong>Corporativo:<\/strong> Para aquel emprendedor que necesita del servicio de Internet en su oficina. Accede con m\u00e1s de un computador al Internet.<\/p>\n<p>&nbsp;<br \/>\n<a href=\"http:\/\/teccial.com\/teccial\/wp-content\/uploads\/2015\/09\/ventas_2.jpg\"><img loading=\"lazy\" src=\"http:\/\/teccial.com\/teccial\/wp-content\/uploads\/2015\/09\/ventas_2.jpg\" alt=\"\" title=\"ventas_2\" width=\"600\" height=\"126\" class=\"alignnone size-full wp-image-740\" \/><\/a><br \/>\n&nbsp;<\/p>\n","protected":false},"excerpt":{"rendered":"<p>\u00a1Los mejores planes de internet.! Cont\u00e1ctate con nuestra empresa para brindarte los mejores planes del servicio t\u00fa necesitas. Home: Plan que te permitir\u00e1 iniciarte en [&hellip;]<\/p>\n","protected":false},"author":2,"featured_media":0,"parent":31,"menu_order":0,"comment_status":"open","ping_status":"open","template":"","meta":[],"_links":{"self":[{"href":"http:\/\/teccial.com\/teccial\/index.php?rest_route=\/wp\/v2\/pages\/729"}],"collection":[{"href":"http:\/\/teccial.com\/teccial\/index.php?rest_route=\/wp\/v2\/pages"}],"about":[{"href":"http:\/\/teccial.com\/teccial\/index.php?rest_route=\/wp\/v2\/types\/page"}],"author":[{"embeddable":true,"href":"http:\/\/teccial.com\/teccial\/index.php?rest_route=\/wp\/v2\/users\/2"}],"replies":[{"embeddable":true,"href":"http:\/\/teccial.com\/teccial\/index.php?rest_route=%2Fwp%2Fv2%2Fcomments&post=729"}],"version-history":[{"count":6,"href":"http:\/\/teccial.com\/teccial\/index.php?rest_route=\/wp\/v2\/pages\/729\/revisions"}],"predecessor-version":[{"id":744,"href":"http:\/\/teccial.com\/teccial\/index.php?rest_route=\/wp\/v2\/pages\/729\/revisions\/744"}],"up":[{"embeddable":true,"href":"http:\/\/teccial.com\/teccial\/index.php?rest_route=\/wp\/v2\/pages\/31"}],"wp:attachment":[{"href":"http:\/\/teccial.com\/teccial\/index.php?rest_route=%2Fwp%2Fv2%2Fmedia&parent=729"}],"curies":[{"name":"wp","href":"https:\/\/api.w.org\/{rel}","templated":true}]}}