{"id":72,"date":"2012-04-12T06:14:39","date_gmt":"2012-04-12T11:14:39","guid":{"rendered":"http:\/\/www.teccial.com\/teccial\/?page_id=72"},"modified":"2012-04-16T10:16:22","modified_gmt":"2012-04-16T15:16:22","slug":"servicio-de-datacenter","status":"publish","type":"page","link":"http:\/\/teccial.com\/teccial\/?page_id=72","title":{"rendered":"Servicio de DataCenter"},"content":{"rendered":"<div class=\"textoarticulo\" style=\"text-align: justify;\">\n<div style=\"float: left; margin: 0pt 10px 10px 0pt; text-align: justify;\"><a href=\"http:\/\/www.teccial.com\/teccial\/wp-content\/uploads\/2012\/04\/TECCIAdatacenter.jpg\"><img loading=\"lazy\" class=\"size-full wp-image-347 alignleft\" title=\"TECCIAdatacenter\" src=\"http:\/\/www.teccial.com\/teccial\/wp-content\/uploads\/2012\/04\/TECCIAdatacenter.jpg\" alt=\"\" width=\"248\" height=\"171\" srcset=\"http:\/\/teccial.com\/wp-content\/uploads\/2012\/04\/TECCIAdatacenter.jpg 248w, http:\/\/teccial.com\/wp-content\/uploads\/2012\/04\/TECCIAdatacenter-150x103.jpg 150w\" sizes=\"(max-width: 248px) 100vw, 248px\" \/><\/a><\/div>\n<p style=\"text-align: justify;\"><span><strong>Nuestro servicio de Data Centers TECCIAL<\/strong> le ofrecen una infraestructura  \t\t\t\t\t\t\t\trobusta y segura,  especialmente dise\u00f1ada  \t\t\t\t\t\t\t\tpara soportar las necesidades de escalabilidad,   \t\t\t\t\t\t\t\tredundancia, respaldo de energ\u00eda  \t\t\t\t\t\t\t\ty seguridad que requieren  los recursos de informaci\u00f3n y  \t\t\t\t\t\t\t\tlas aplicaciones cr\u00edticas para  hacer frente  \t\t\t\t\t\t\t\ta las exigencias empresariales modernas.<\/span><\/p>\n<p>&nbsp;<\/p>\n<p>&nbsp;<\/p>\n<p>&nbsp;<\/p>\n<p>TECCIAL Solutions cuenta con\u00a0 un Centro de Datos con infraestructura IT, incluyendo flexibilidad y agrupaci\u00f3n de almacenamiento de recursos, de alta disponibilidad, de alta velocidad de red fiable, seguridad,\u00a0 y un sistema de gesti\u00f3n para mantener totalmente automatizado la recuperaci\u00f3n de desastres. La soluci\u00f3n tambi\u00e9n ofrece los servicios de integraci\u00f3n con centro de datos la infraestructura de TI.<\/p>\n<\/div>\n<p style=\"text-align: justify;\"><a href=\"http:\/\/www.teccial.com\/teccial\/wp-content\/uploads\/2012\/04\/TECCIALondas3.jpg\"><img loading=\"lazy\" class=\"alignnone size-full wp-image-341\" title=\"TECCIALondas\" src=\"http:\/\/www.teccial.com\/teccial\/wp-content\/uploads\/2012\/04\/TECCIALondas3.jpg\" alt=\"teccial\" width=\"566\" height=\"143\" srcset=\"http:\/\/teccial.com\/wp-content\/uploads\/2012\/04\/TECCIALondas3.jpg 566w, http:\/\/teccial.com\/wp-content\/uploads\/2012\/04\/TECCIALondas3-300x75.jpg 300w, http:\/\/teccial.com\/wp-content\/uploads\/2012\/04\/TECCIALondas3-150x37.jpg 150w\" sizes=\"(max-width: 566px) 100vw, 566px\" \/><\/a><\/p>\n","protected":false},"excerpt":{"rendered":"<p>Nuestro servicio de Data Centers TECCIAL le ofrecen una infraestructura robusta y segura, especialmente dise\u00f1ada para soportar las necesidades de escalabilidad, redundancia, respaldo de energ\u00eda [&hellip;]<\/p>\n","protected":false},"author":1,"featured_media":0,"parent":31,"menu_order":1,"comment_status":"open","ping_status":"open","template":"","meta":[],"_links":{"self":[{"href":"http:\/\/teccial.com\/teccial\/index.php?rest_route=\/wp\/v2\/pages\/72"}],"collection":[{"href":"http:\/\/teccial.com\/teccial\/index.php?rest_route=\/wp\/v2\/pages"}],"about":[{"href":"http:\/\/teccial.com\/teccial\/index.php?rest_route=\/wp\/v2\/types\/page"}],"author":[{"embeddable":true,"href":"http:\/\/teccial.com\/teccial\/index.php?rest_route=\/wp\/v2\/users\/1"}],"replies":[{"embeddable":true,"href":"http:\/\/teccial.com\/teccial\/index.php?rest_route=%2Fwp%2Fv2%2Fcomments&post=72"}],"version-history":[{"count":9,"href":"http:\/\/teccial.com\/teccial\/index.php?rest_route=\/wp\/v2\/pages\/72\/revisions"}],"predecessor-version":[{"id":355,"href":"http:\/\/teccial.com\/teccial\/index.php?rest_route=\/wp\/v2\/pages\/72\/revisions\/355"}],"up":[{"embeddable":true,"href":"http:\/\/teccial.com\/teccial\/index.php?rest_route=\/wp\/v2\/pages\/31"}],"wp:attachment":[{"href":"http:\/\/teccial.com\/teccial\/index.php?rest_route=%2Fwp%2Fv2%2Fmedia&parent=72"}],"curies":[{"name":"wp","href":"https:\/\/api.w.org\/{rel}","templated":true}]}}