{"id":70,"date":"2012-04-12T06:13:19","date_gmt":"2012-04-12T11:13:19","guid":{"rendered":"http:\/\/www.teccial.com\/teccial\/?page_id=70"},"modified":"2012-04-21T10:21:32","modified_gmt":"2012-04-21T15:21:32","slug":"integracion-de-sistemas","status":"publish","type":"page","link":"http:\/\/teccial.com\/teccial\/?page_id=70","title":{"rendered":"Integraci\u00f3n de Sistemas"},"content":{"rendered":"<div>\n<div style=\"float: left; margin: 0 10px 10px 0;\"><a href=\"http:\/\/www.teccial.com\/teccial\/wp-content\/uploads\/2012\/04\/integradorsis.jpg\"><img loading=\"lazy\" class=\"alignleft size-full wp-image-294\" title=\"integradorsis\" src=\"http:\/\/www.teccial.com\/teccial\/wp-content\/uploads\/2012\/04\/integradorsis.jpg\" alt=\"\" width=\"311\" height=\"133\" \/><\/a><\/div>\n<p><strong>Nuestras soluciones de aplicaci\u00f3n de servicio de desarrollo e integraci\u00f3n de sistemas<\/strong> incluyen:<\/p>\n<ul>\n<li> Desarrollar de nuevas aplicaciones<\/li>\n<li> Aumentar \/ modificaci\u00f3n \/ migraci\u00f3n de una aplicaci\u00f3n existente<\/li>\n<li>Crear interfaces con una aplicaci\u00f3n existente<\/li>\n<\/ul>\n<p>&nbsp;<\/p>\n<p>TECCIAL System Center Operations Manager se sustenta en un servicio confiable de calidad, es la mejor soluci\u00f3n de desarrollo de aplicaciones para PYMES.<\/p>\n<p>&nbsp;<\/p>\n<p><strong>Servicios de mantenimiento de aplicaciones<\/strong><br \/>\nNuestros  servicios de mantenimiento de aplicaciones son procesos bien definidos  que nos permite capturar de manera eficaz los errores, informar y llevar  a cabo actividades relacionadas con el mantenimiento. Nuestros  servicios de mantenimiento de aplicaciones incluyen:<\/p>\n<ul>\n<li> La correcci\u00f3n de los defectos y las deficiencias descubiertas por los usuarios finales<\/li>\n<li> Los cambios en la interfaz gr\u00e1fica de usuario para que sea m\u00e1s f\u00e1cil de usar<\/li>\n<li> Aplicaci\u00f3n de optimizaci\u00f3n para un mejor rendimiento del software<\/li>\n<\/ul>\n<p><img loading=\"lazy\" class=\"size-full wp-image-478 aligncenter\" src=\"http:\/\/www.teccial.com\/teccial\/wp-content\/uploads\/2012\/04\/plataformarobusta.png\" alt=\"\" width=\"659\" height=\"438\" srcset=\"http:\/\/teccial.com\/wp-content\/uploads\/2012\/04\/plataformarobusta.png 659w, http:\/\/teccial.com\/wp-content\/uploads\/2012\/04\/plataformarobusta-300x199.png 300w, http:\/\/teccial.com\/wp-content\/uploads\/2012\/04\/plataformarobusta-150x99.png 150w\" sizes=\"(max-width: 659px) 100vw, 659px\" \/><\/p>\n<\/div>\n<div class=\"textoarticulo\">\n<p><strong>Plataformas de software de desarrollo de aplicaciones: <\/strong><\/p>\n<ul type=\"disc\">\n<li> Los sistemas de bases de datos\n<ul type=\"circle\">\n<li> Oracle<\/li>\n<li> SQL Server<\/li>\n<li> Microsoft Access<\/li>\n<li> MySQL<\/li>\n<\/ul>\n<\/li>\n<\/ul>\n<ul type=\"disc\">\n<li> Los marcos de desarrollo\n<ul type=\"circle\">\n<li> . NET<\/li>\n<li> J2EE<\/li>\n<\/ul>\n<\/li>\n<\/ul>\n<ul type=\"disc\">\n<li> Tecnolog\u00edas\n<ul type=\"circle\">\n<li> Microsoft Visual Basic<\/li>\n<li> Visual Basic. NET<\/li>\n<li> C #<\/li>\n<li> ASP.NET<\/li>\n<li> ASP<\/li>\n<li> PHP<\/li>\n<li> JAVA<\/li>\n<li> HTML<\/li>\n<li> DHTML<\/li>\n<li> XML<\/li>\n<li> VBScript<\/li>\n<li> JavaScript<\/li>\n<li> CSS<\/li>\n<li> PHP<\/li>\n<li> AJAX<\/li>\n<li> Flash, etc<\/li>\n<\/ul>\n<\/li>\n<\/ul>\n<p>&nbsp;<\/p>\n<\/div>\n","protected":false},"excerpt":{"rendered":"<p>Nuestras soluciones de aplicaci\u00f3n de servicio de desarrollo e integraci\u00f3n de sistemas incluyen: Desarrollar de nuevas aplicaciones Aumentar \/ modificaci\u00f3n \/ migraci\u00f3n de una aplicaci\u00f3n [&hellip;]<\/p>\n","protected":false},"author":1,"featured_media":0,"parent":31,"menu_order":1,"comment_status":"open","ping_status":"open","template":"","meta":[],"_links":{"self":[{"href":"http:\/\/teccial.com\/teccial\/index.php?rest_route=\/wp\/v2\/pages\/70"}],"collection":[{"href":"http:\/\/teccial.com\/teccial\/index.php?rest_route=\/wp\/v2\/pages"}],"about":[{"href":"http:\/\/teccial.com\/teccial\/index.php?rest_route=\/wp\/v2\/types\/page"}],"author":[{"embeddable":true,"href":"http:\/\/teccial.com\/teccial\/index.php?rest_route=\/wp\/v2\/users\/1"}],"replies":[{"embeddable":true,"href":"http:\/\/teccial.com\/teccial\/index.php?rest_route=%2Fwp%2Fv2%2Fcomments&post=70"}],"version-history":[{"count":6,"href":"http:\/\/teccial.com\/teccial\/index.php?rest_route=\/wp\/v2\/pages\/70\/revisions"}],"predecessor-version":[{"id":492,"href":"http:\/\/teccial.com\/teccial\/index.php?rest_route=\/wp\/v2\/pages\/70\/revisions\/492"}],"up":[{"embeddable":true,"href":"http:\/\/teccial.com\/teccial\/index.php?rest_route=\/wp\/v2\/pages\/31"}],"wp:attachment":[{"href":"http:\/\/teccial.com\/teccial\/index.php?rest_route=%2Fwp%2Fv2%2Fmedia&parent=70"}],"curies":[{"name":"wp","href":"https:\/\/api.w.org\/{rel}","templated":true}]}}