{"id":63,"date":"2012-04-12T06:10:07","date_gmt":"2012-04-12T11:10:07","guid":{"rendered":"http:\/\/www.teccial.com\/teccial\/?page_id=63"},"modified":"2012-04-18T09:40:11","modified_gmt":"2012-04-18T14:40:11","slug":"implementacion-de-automatismo","status":"publish","type":"page","link":"http:\/\/teccial.com\/teccial\/?page_id=63","title":{"rendered":"Implementaci\u00f3n de Automatismo"},"content":{"rendered":"<div class=\"textoarticulo\">\n<p><strong><a href=\"http:\/\/www.teccial.com\/teccial\/wp-content\/uploads\/2012\/04\/automatismo.jpg\"><img loading=\"lazy\" class=\"alignleft size-full wp-image-290\" title=\"automatismo\" src=\"http:\/\/www.teccial.com\/teccial\/wp-content\/uploads\/2012\/04\/automatismo.jpg\" alt=\"\" width=\"275\" height=\"181\" srcset=\"http:\/\/teccial.com\/wp-content\/uploads\/2012\/04\/automatismo.jpg 275w, http:\/\/teccial.com\/wp-content\/uploads\/2012\/04\/automatismo-150x98.jpg 150w\" sizes=\"(max-width: 275px) 100vw, 275px\" \/><\/a>Nuestro servicio de implementaci\u00f3n de sistemas de automaticos <\/strong>se soportan en TECCIAL IT Server Automation SP4 para la\u00a0 implementaci\u00f3n de m\u00f3dulos de administraci\u00f3n que permiten supervisar el estado y disponibilidad de los procesos que ejecutan los equipos.<\/p>\n<p>Nuestros servidores TECCIAL Automated Deployment Services Management se integran a las aplicaciones de\u00a0 TECCIAL System Center Operations Manager 2011 ver 1.3<\/p>\n<\/div>\n<p style=\"text-align: justify;\"><a href=\"http:\/\/www.teccial.com\/teccial\/wp-content\/uploads\/2012\/04\/TECCIALondas3.jpg\"><img loading=\"lazy\" class=\"alignnone size-full wp-image-341\" title=\"TECCIALondas\" src=\"http:\/\/www.teccial.com\/teccial\/wp-content\/uploads\/2012\/04\/TECCIALondas3.jpg\" alt=\"teccial\" width=\"566\" height=\"143\" srcset=\"http:\/\/teccial.com\/wp-content\/uploads\/2012\/04\/TECCIALondas3.jpg 566w, http:\/\/teccial.com\/wp-content\/uploads\/2012\/04\/TECCIALondas3-300x75.jpg 300w, http:\/\/teccial.com\/wp-content\/uploads\/2012\/04\/TECCIALondas3-150x37.jpg 150w\" sizes=\"(max-width: 566px) 100vw, 566px\" \/><\/a><\/p>\n","protected":false},"excerpt":{"rendered":"<p>Nuestro servicio de implementaci\u00f3n de sistemas de automaticos se soportan en TECCIAL IT Server Automation SP4 para la\u00a0 implementaci\u00f3n de m\u00f3dulos de administraci\u00f3n que permiten [&hellip;]<\/p>\n","protected":false},"author":1,"featured_media":0,"parent":31,"menu_order":1,"comment_status":"open","ping_status":"open","template":"","meta":[],"_links":{"self":[{"href":"http:\/\/teccial.com\/teccial\/index.php?rest_route=\/wp\/v2\/pages\/63"}],"collection":[{"href":"http:\/\/teccial.com\/teccial\/index.php?rest_route=\/wp\/v2\/pages"}],"about":[{"href":"http:\/\/teccial.com\/teccial\/index.php?rest_route=\/wp\/v2\/types\/page"}],"author":[{"embeddable":true,"href":"http:\/\/teccial.com\/teccial\/index.php?rest_route=\/wp\/v2\/users\/1"}],"replies":[{"embeddable":true,"href":"http:\/\/teccial.com\/teccial\/index.php?rest_route=%2Fwp%2Fv2%2Fcomments&post=63"}],"version-history":[{"count":6,"href":"http:\/\/teccial.com\/teccial\/index.php?rest_route=\/wp\/v2\/pages\/63\/revisions"}],"predecessor-version":[{"id":475,"href":"http:\/\/teccial.com\/teccial\/index.php?rest_route=\/wp\/v2\/pages\/63\/revisions\/475"}],"up":[{"embeddable":true,"href":"http:\/\/teccial.com\/teccial\/index.php?rest_route=\/wp\/v2\/pages\/31"}],"wp:attachment":[{"href":"http:\/\/teccial.com\/teccial\/index.php?rest_route=%2Fwp%2Fv2%2Fmedia&parent=63"}],"curies":[{"name":"wp","href":"https:\/\/api.w.org\/{rel}","templated":true}]}}