{"id":61,"date":"2012-04-12T06:08:56","date_gmt":"2012-04-12T11:08:56","guid":{"rendered":"http:\/\/www.teccial.com\/teccial\/?page_id=61"},"modified":"2012-04-18T09:41:01","modified_gmt":"2012-04-18T14:41:01","slug":"desarrollo-de-software-telematico","status":"publish","type":"page","link":"http:\/\/teccial.com\/teccial\/?page_id=61","title":{"rendered":"Desarrollo de Sodtware Telem\u00e1tico"},"content":{"rendered":"<div class=\"textoarticulo\">\n<p style=\"float: left; margin: 0 10px 10px 0;\"><a href=\"http:\/\/www.teccial.com\/teccial\/wp-content\/uploads\/2012\/04\/gps.jpg\"><img loading=\"lazy\" class=\"alignleft size-full wp-image-296\" title=\"gps\" src=\"http:\/\/www.teccial.com\/teccial\/wp-content\/uploads\/2012\/04\/gps.jpg\" alt=\"\" width=\"243\" height=\"155\" srcset=\"http:\/\/teccial.com\/wp-content\/uploads\/2012\/04\/gps.jpg 488w, http:\/\/teccial.com\/wp-content\/uploads\/2012\/04\/gps-300x191.jpg 300w, http:\/\/teccial.com\/wp-content\/uploads\/2012\/04\/gps-150x95.jpg 150w\" sizes=\"(max-width: 243px) 100vw, 243px\" \/><\/a><\/p>\n<p id=\"page-title\"><strong>Nuestro desarrollo de Software telem\u00e1tico aplicado al Rastreo Satelital.<\/strong><\/p>\n<p>La  telem\u00e1tica orientada a la Gesti\u00f3n y monitoreo de activos m\u00f3viles  facilitan la toma de decisiones para aumentar la eficiencia de la Flota,  y determinar el uso o mal uso de los activos, adem\u00e1s, son una  herramienta importante para la seguridad del m\u00f3vil ante eventos  inesperados. <strong>TECCIAL <\/strong>pone a su disposici\u00f3n herramientas que le permiten monitorear sus  activos m\u00f3viles y recibir notificaciones de eventos en tiempo real a su  centro de monitoreo.<\/p>\n<p>Nosotros integramos los equipos inteligentes, tenemos una amplia  experiencia y ofrecemos las funcionalidades m\u00e1s adecuadas apoyadas en una  alta calidad y confiabilidad. A continuaci\u00f3n los principales productos y  su funcionalidades:<\/p>\n<p><strong>OBC-TECCIAL <\/strong>:  Dispositivo orientado aplicaciones de Gesti\u00f3n de Flotas, posee, Beter\u00eda  de respaldo, con las siguientes bondades:<\/p>\n<ul>\n<li>Soporta comunicaciones v\u00eda SMS \/ USSD \/ GPRS \/ TCP \/ UDP<\/li>\n<li>Configurable  para rastreo en tiempo real\u00a0 por tiempo, distancia, estatus de la  ignici\u00f3n, velocidad del activo y cambio de direcciones.<\/li>\n<li>Seteo de Roaming preferencial.<\/li>\n<li>Seteo de Geocercas, circulares y rectangulares.<\/li>\n<li>Monitoreo de la ignici\u00f3n Off\/ ON<\/li>\n<li>Reporte por exceso de velocidad, movimiento, remolque<\/li>\n<li>Reporte por baja bater\u00eda y p\u00e9rdida de alimentaci\u00f3n principal.<\/li>\n<li>Reporte seg\u00fan agenda.<\/li>\n<li>Manejo del consumo configurable.<\/li>\n<li>Detecta y reporta saboteo de GSM.<\/li>\n<li>Soporta comunicaci\u00f3n de voz 2 way.<\/li>\n<li>Detecta violaci\u00f3n antena de GPS<\/li>\n<li>Sensores de temperaturas<\/li>\n<li>Lector identificador \u201c i-button\u201d.<\/li>\n<li>Kit de interfaz Canbus\/OBD<\/li>\n<\/ul>\n<p><img loading=\"lazy\" class=\"alignleft size-full wp-image-467\" src=\"http:\/\/www.teccial.com\/teccial\/wp-content\/uploads\/2012\/04\/desarrollo.png\" alt=\"\" width=\"314\" height=\"313\" srcset=\"http:\/\/teccial.com\/wp-content\/uploads\/2012\/04\/desarrollo.png 314w, http:\/\/teccial.com\/wp-content\/uploads\/2012\/04\/desarrollo-150x149.png 150w, http:\/\/teccial.com\/wp-content\/uploads\/2012\/04\/desarrollo-300x299.png 300w\" sizes=\"(max-width: 314px) 100vw, 314px\" \/><\/p>\n<p><strong>TECCIAL Personal Tracker<\/strong>:  Dispositivo de ubicaci\u00f3n para personas, activos, mascotas port\u00e1til,  posee, GPS, reporte de  velocidad, con las siguientes bondades:<\/p>\n<ul>\n<li>Bater\u00eda recargable.<\/li>\n<li>Bot\u00f3n de p\u00e1nico.<\/li>\n<li>Posibilidad de llamada esp\u00eda.<\/li>\n<li>Posibilidad de llamadas a tres n\u00fameros configurados.<\/li>\n<li>Reporte por SMS y\/o GPRS<\/li>\n<\/ul>\n<\/div>\n<p style=\"text-align: justify;\"><a href=\"http:\/\/www.teccial.com\/teccial\/wp-content\/uploads\/2012\/04\/TECCIALondas3.jpg\"><img loading=\"lazy\" class=\"alignnone size-full wp-image-341\" title=\"TECCIALondas\" src=\"http:\/\/www.teccial.com\/teccial\/wp-content\/uploads\/2012\/04\/TECCIALondas3.jpg\" alt=\"teccial\" width=\"566\" height=\"143\" srcset=\"http:\/\/teccial.com\/wp-content\/uploads\/2012\/04\/TECCIALondas3.jpg 566w, http:\/\/teccial.com\/wp-content\/uploads\/2012\/04\/TECCIALondas3-300x75.jpg 300w, http:\/\/teccial.com\/wp-content\/uploads\/2012\/04\/TECCIALondas3-150x37.jpg 150w\" sizes=\"(max-width: 566px) 100vw, 566px\" \/><\/a><\/p>\n","protected":false},"excerpt":{"rendered":"<p>Nuestro desarrollo de Software telem\u00e1tico aplicado al Rastreo Satelital. La telem\u00e1tica orientada a la Gesti\u00f3n y monitoreo de activos m\u00f3viles facilitan la toma de decisiones [&hellip;]<\/p>\n","protected":false},"author":1,"featured_media":0,"parent":31,"menu_order":1,"comment_status":"open","ping_status":"open","template":"","meta":[],"_links":{"self":[{"href":"http:\/\/teccial.com\/teccial\/index.php?rest_route=\/wp\/v2\/pages\/61"}],"collection":[{"href":"http:\/\/teccial.com\/teccial\/index.php?rest_route=\/wp\/v2\/pages"}],"about":[{"href":"http:\/\/teccial.com\/teccial\/index.php?rest_route=\/wp\/v2\/types\/page"}],"author":[{"embeddable":true,"href":"http:\/\/teccial.com\/teccial\/index.php?rest_route=\/wp\/v2\/users\/1"}],"replies":[{"embeddable":true,"href":"http:\/\/teccial.com\/teccial\/index.php?rest_route=%2Fwp%2Fv2%2Fcomments&post=61"}],"version-history":[{"count":8,"href":"http:\/\/teccial.com\/teccial\/index.php?rest_route=\/wp\/v2\/pages\/61\/revisions"}],"predecessor-version":[{"id":477,"href":"http:\/\/teccial.com\/teccial\/index.php?rest_route=\/wp\/v2\/pages\/61\/revisions\/477"}],"up":[{"embeddable":true,"href":"http:\/\/teccial.com\/teccial\/index.php?rest_route=\/wp\/v2\/pages\/31"}],"wp:attachment":[{"href":"http:\/\/teccial.com\/teccial\/index.php?rest_route=%2Fwp%2Fv2%2Fmedia&parent=61"}],"curies":[{"name":"wp","href":"https:\/\/api.w.org\/{rel}","templated":true}]}}