{"id":597,"date":"2012-05-18T16:32:20","date_gmt":"2012-05-18T21:32:20","guid":{"rendered":"http:\/\/www.teccial.com\/teccial\/?page_id=597"},"modified":"2013-01-28T18:10:07","modified_gmt":"2013-01-28T23:10:07","slug":"soluciones_main","status":"publish","type":"page","link":"http:\/\/teccial.com\/teccial\/?page_id=597","title":{"rendered":"Soluciones"},"content":{"rendered":"<div class=\"container\">\n<div class=\"span-15 last append-bottom\">\n<div class=\"span-5\">\n<div class=\"span-5 last men_solu\"><img loading=\"lazy\" class=\"alignleft size-full wp-image-435\" src=\"http:\/\/www.teccial.com\/teccial\/wp-content\/uploads\/2012\/04\/ico04_WebTeccial4.png\" alt=\"\" width=\"164\" height=\"58\" \/><\/div>\n<div class=\"span-5 last men_solu padincreo\"><a href=\"http:\/\/www.teccial.com\/teccial\/?page_id=493\">C\u00e1maras IP<\/a><\/div>\n<div class=\"span-5 last men_solu padincreo\"><a href=\"http:\/\/www.teccial.com\/teccial\/?page_id=56\">Sistema Video Inteligente<\/a><\/div>\n<div class=\"span-5 last men_solu padincreo\"><a href=\"http:\/\/www.teccial.com\/teccial\/?page_id=551\">C\u00e1maras An\u00e1logas M\u00f3viles<\/a><\/div>\n<div class=\"span-5 last men_solu padincreo\"><a href=\"http:\/\/www.teccial.com\/teccial\/?page_id=80\">Video Streaming\/Conferencia<\/a><\/div>\n<\/div>\n<\/div>\n<div class=\"span-5\">\n<div class=\"span-5 last men_solu\"><img loading=\"lazy\" class=\"alignleft size-full wp-image-408\" src=\"http:\/\/www.teccial.com\/teccial\/wp-content\/uploads\/2012\/04\/ico01Telecomunicaciones.jpg\" alt=\"\" width=\"147\" height=\"58\" \/><\/div>\n<div class=\"span-5 last men_solu padincreo\"><a href=\"http:\/\/www.teccial.com\/teccial\/?page_id=651\">Gesti\u00f3n NMS Redes m\u00f3viles\/IT<\/a><\/div>\n<div class=\"span-5 last men_solu padincreo\"><a href=\"http:\/\/www.teccial.com\/teccial\/?page_id=658\">Gesti\u00f3n OSS  Redes M\u00f3viles\/IT <\/a><\/div>\n<div class=\"span-5 last men_solu padincreo\"><a href=\"http:\/\/www.teccial.com\/teccial\/?page_id=307\">Integraci\u00f3n Aplicaciones SMS-C<\/a><\/div>\n<div class=\"span-5 last men_solu padincreo\"><a href=\"http:\/\/www.teccial.com\/teccial\/?page_id=452\">Geolocalizaci\u00f3n Tel\u00e9f M\u00f3v.\/Fijos<\/a><\/div>\n<\/div>\n<\/div>\n<div class=\"span-5 last\">\n<div class=\"span-5 last men_solu\"><img loading=\"lazy\" src=\"http:\/\/www.teccial.com\/teccial\/wp-content\/uploads\/2012\/04\/icogobierno2.png\" alt=\"\" width=\"146\" height=\"58\" \/><\/div>\n<div class=\"span-5 last men_solu padincreo\"><a href=\"http:\/\/www.teccial.com\/teccial\/?page_id=307\">Seguridad &#8211; Bot\u00f3n P\u00e1nico<\/a><\/div>\n<div class=\"span-5 last men_solu padincreo\"><a href=\"http:\/\/www.teccial.com\/teccial\/?page_id=307\">Administraciones P\u00fablicas<\/a><\/div>\n<div class=\"span-5 last men_solu padincreo\"><a href=\"http:\/\/www.teccial.com\/teccial\/?page_id=307\">Radio Comunicaci\u00f3n Marina<\/a><\/div>\n<div class=\"span-5 last men_solu padincreo\"><a href=\"http:\/\/www.teccial.com\/teccial\/?page_id=307\">Seguridad &#8211; Tel\u00e9fono P\u00e1nico<\/a><\/div>\n<\/div>\n<div class=\"span-15 last append-bottom\">\n<div class=\"span-5\">\n<div class=\"span-5 last men_solu\"><img loading=\"lazy\" src=\"http:\/\/www.teccial.com\/teccial\/wp-content\/uploads\/2012\/04\/ico33_WebTeccial1.png\" alt=\"\" width=\"140\" height=\"58\" \/><\/div>\n<div class=\"span-5 last men_solu padincreo\"><a href=\"http:\/\/www.teccial.com\/teccial\/?page_id=37\">Comu. Masiva (SMS,USSD)<\/a><\/div>\n<div class=\"span-5 last men_solu padincreo\"><a href=\"http:\/\/www.teccial.com\/teccial\/?page_id=39\">Comu. Unifi. (IVR, ACR,TTS)<\/a><\/div>\n<div class=\"span-5 last men_solu padincreo\"><a href=\"http:\/\/www.teccial.com\/teccial\/?page_id=231\">Telemetr\u00eda v\u00eda Radio\/M\u00f3viles<\/a><\/div>\n<\/div>\n<\/div>\n<div class=\"span-5\">\n<div class=\"span-5 last men_solu\"><img loading=\"lazy\" class=\"alignleft size-full wp-image-441\" src=\"http:\/\/www.teccial.com\/teccial\/wp-content\/uploads\/2012\/04\/ico02_WebTeccial2.jpg\" alt=\"\" width=\"140\" height=\"58\" \/><\/div>\n<div class=\"span-5 last men_solu padincreo\"><a href=\"http:\/\/www.teccial.com\/teccial\/?page_id=557\">Sistemas GIS ESRI<\/a><\/div>\n<div class=\"span-5 last men_solu padincreo\"><a href=\"http:\/\/www.teccial.com\/teccial\/?page_id=70\">Integradores de sistemas<\/a><\/div>\n<div class=\"span-5 last men_solu padincreo\"><a href=\"http:\/\/www.teccial.com\/teccial\/?page_id=466\">Sistemas GIS Open Source<\/a><\/div>\n<\/div>\n<div class=\"span-5 last\">\n<div class=\"span-5 last men_solu\"><img loading=\"lazy\" src=\"http:\/\/www.teccial.com\/teccial\/wp-content\/uploads\/2012\/04\/ico07_WebTeccial.jpg\" alt=\"\" width=\"140\" height=\"58\" \/><\/div>\n<div class=\"span-5 last men_solu padincreo\"><a href=\"http:\/\/www.teccial.com\/teccial\/?page_id=451\">Control Log\u00edstico Inteligente<\/a><\/div>\n<div class=\"span-5 last men_solu padincreo\"><a href=\"http:\/\/www.teccial.com\/teccial\/?page_id=25\">Cobro con Tarjeta Inteligente<\/a><\/div>\n<div class=\"span-5 last men_solu padincreo\">\n<div><a href=\"http:\/\/www.teccial.com\/teccial\/?page_id=484\">Caja Com\u00fan\/Recaudo en L\u00ednea<\/a><\/div>\n<\/div>\n<\/div>\n<div class=\"span-15 last append-bottom\">\n<div class=\"span-5\">\n<div class=\"span-5 last men_solu\"><img loading=\"lazy\" src=\"http:\/\/www.teccial.com\/teccial\/wp-content\/uploads\/2012\/04\/ico08_WebTeccial.png\" alt=\"\" width=\"122\" height=\"58\" \/><\/div>\n<div class=\"span-5 last men_solu padincreo\"><a href=\"http:\/\/www.teccial.com\/teccial\/?page_id=307\">Control Recursos via RFID<\/a><\/div>\n<div class=\"span-5 last men_solu padincreo\"><a href=\"http:\/\/www.teccial.com\/teccial\/?page_id=307\">Control Despacho de Taxis<\/a><\/div>\n<div class=\"span-5 last men_solu padincreo\"><a href=\"http:\/\/www.teccial.com\/teccial\/?page_id=307\">Flotas Terrestre, A\u00e9reo y Marino<\/a><\/div>\n<\/div>\n<\/div>\n<div class=\"span-5\">\n<div class=\"span-5 last men_solu\"><img loading=\"lazy\" class=\"alignnone size-full wp-image-367\" title=\"TECCIAenerg\u00eda\" src=\"http:\/\/www.teccial.com\/teccial\/wp-content\/uploads\/2012\/04\/TECCIAenerg\u00eda.png\" alt=\"\" width=\"129\" height=\"58\" \/><\/div>\n<div class=\"span-5 last men_solu padincreo\"><a href=\"http:\/\/www.teccial.com\/teccial\/?page_id=307\">Bater\u00edas Solares<\/a><\/div>\n<div class=\"span-5 last men_solu padincreo\"><a href=\"http:\/\/www.teccial.com\/teccial\/?page_id=457\">Soluciones Solares Fotovolt\u00e1icas<\/a><\/div>\n<\/div>\n<div class=\"span-5 last\">\n<div class=\"span-5 last men_solu\"><img loading=\"lazy\" class=\"alignnone size-full wp-image-371\" title=\"icoseguridad\" src=\"http:\/\/www.teccial.com\/teccial\/wp-content\/uploads\/2012\/04\/icoseguridad1.png\" alt=\"\" width=\"141\" height=\"58\" \/><\/div>\n<div class=\"span-5 last men_solu padincreo\"><a href=\"http:\/\/www.teccial.com\/teccial\/?page_id=200\">Seguridad Veh\u00edcular<\/a><\/div>\n<div class=\"span-5 last men_solu padincreo\"><a href=\"http:\/\/www.teccial.com\/teccial\/?page_id=221\">Dom\u00f3tica Residencial<\/a><\/div>\n<\/div>\n<div class=\"span-15 last append-bottom\">\n<div class=\"span-5\">\n<div class=\"span-5 last men_solu\"><img loading=\"lazy\" class=\"alignleft size-full wp-image-437\" src=\"http:\/\/www.teccial.com\/teccial\/wp-content\/uploads\/2012\/04\/icotelemdica.png\" alt=\"\" width=\"144\" height=\"58\" \/><\/div>\n<div class=\"span-5 last men_solu padincreo\"><a href=\"http:\/\/www.teccial.com\/teccial\/?page_id=579\">Telemedicina<\/a><\/div>\n<div class=\"span-5 last men_solu padincreo\"><a href=\"http:\/\/www.teccial.com\/teccial\/?page_id=307\">Teleradiolog\u00eda &#8211; XRay Remote<\/a><\/div>\n<div class=\"span-5 last men_solu padincreo\"><a href=\"http:\/\/www.teccial.com\/teccial\/?page_id=41\">Control Pacientes\/Equipos v\u00eda RFID<\/a><\/div>\n<div class=\"span-5 last men_solu padincreo\"><a href=\"http:\/\/www.teccial.com\/teccial\/?page_id=307\">Telesonograf\u00eda\/telecirug\u00eda\/telediagn\u00f3stico<\/a><\/div>\n<\/div>\n<\/div>\n<div class=\"span-5\">\n<div class=\"span-5 last men_solu\"><img loading=\"lazy\" class=\"alignnone size-full wp-image-369\" title=\"ico34_WebTeccial\" src=\"http:\/\/www.teccial.com\/teccial\/wp-content\/uploads\/2012\/04\/ico34_WebTeccial.jpg\" alt=\"\" width=\"141\" height=\"58\" \/><\/div>\n<div class=\"span-5 last men_solu padincreo\"><a href=\"http:\/\/www.teccial.com\/teccial\/?page_id=63\">Automatismos Industriales<\/a><\/div>\n<\/div>\n<div class=\"span-5 last\">\n<div class=\"span-5 last men_solu\"><img loading=\"lazy\" class=\"alignleft size-full wp-image-443\" src=\"http:\/\/www.teccial.com\/teccial\/wp-content\/uploads\/2012\/04\/ico02_WebTeccial3.jpg\" alt=\"\" width=\"163\" height=\"58\" srcset=\"http:\/\/teccial.com\/wp-content\/uploads\/2012\/04\/ico02_WebTeccial3.jpg 163w, http:\/\/teccial.com\/wp-content\/uploads\/2012\/04\/ico02_WebTeccial3-150x53.jpg 150w\" sizes=\"(max-width: 163px) 100vw, 163px\" \/><\/div>\n<div class=\"span-5 last men_solu padincreo\"><a href=\"http:\/\/www.teccial.com\/teccial\/?page_id=243\">SCADA Control Supervici\u00f3n<\/a><\/div>\n<\/div>\n","protected":false},"excerpt":{"rendered":"<p>C\u00e1maras IP Sistema Video Inteligente C\u00e1maras An\u00e1logas M\u00f3viles Video Streaming\/Conferencia Gesti\u00f3n NMS Redes m\u00f3viles\/IT Gesti\u00f3n OSS Redes M\u00f3viles\/IT Integraci\u00f3n Aplicaciones SMS-C Geolocalizaci\u00f3n Tel\u00e9f M\u00f3v.\/Fijos Seguridad [&hellip;]<\/p>\n","protected":false},"author":1,"featured_media":0,"parent":0,"menu_order":0,"comment_status":"open","ping_status":"open","template":"","meta":[],"_links":{"self":[{"href":"http:\/\/teccial.com\/teccial\/index.php?rest_route=\/wp\/v2\/pages\/597"}],"collection":[{"href":"http:\/\/teccial.com\/teccial\/index.php?rest_route=\/wp\/v2\/pages"}],"about":[{"href":"http:\/\/teccial.com\/teccial\/index.php?rest_route=\/wp\/v2\/types\/page"}],"author":[{"embeddable":true,"href":"http:\/\/teccial.com\/teccial\/index.php?rest_route=\/wp\/v2\/users\/1"}],"replies":[{"embeddable":true,"href":"http:\/\/teccial.com\/teccial\/index.php?rest_route=%2Fwp%2Fv2%2Fcomments&post=597"}],"version-history":[{"count":20,"href":"http:\/\/teccial.com\/teccial\/index.php?rest_route=\/wp\/v2\/pages\/597\/revisions"}],"predecessor-version":[{"id":671,"href":"http:\/\/teccial.com\/teccial\/index.php?rest_route=\/wp\/v2\/pages\/597\/revisions\/671"}],"wp:attachment":[{"href":"http:\/\/teccial.com\/teccial\/index.php?rest_route=%2Fwp%2Fv2%2Fmedia&parent=597"}],"curies":[{"name":"wp","href":"https:\/\/api.w.org\/{rel}","templated":true}]}}