{"id":579,"date":"2012-04-25T18:00:39","date_gmt":"2012-04-25T23:00:39","guid":{"rendered":"http:\/\/www.teccial.com\/teccial\/?page_id=579"},"modified":"2012-04-25T18:00:39","modified_gmt":"2012-04-25T23:00:39","slug":"telemedicina","status":"publish","type":"page","link":"http:\/\/teccial.com\/teccial\/?page_id=579","title":{"rendered":"Telemedicina"},"content":{"rendered":"<p><img loading=\"lazy\" class=\"alignleft size-full wp-image-584\" src=\"http:\/\/www.teccial.com\/teccial\/wp-content\/uploads\/2012\/04\/telemedicina3.png\" alt=\"\" width=\"231\" height=\"223\" srcset=\"http:\/\/teccial.com\/wp-content\/uploads\/2012\/04\/telemedicina3.png 292w, http:\/\/teccial.com\/wp-content\/uploads\/2012\/04\/telemedicina3-150x144.png 150w\" sizes=\"(max-width: 231px) 100vw, 231px\" \/><\/p>\n<p style=\"text-align: justify;\">Nuestra aplicaciones de Telemedicina combina cualquier tipo de actividad  m\u00e9dica que implique un elemento de distancia. Esta herramienta evita  colapsos en las cl\u00ednicas, ya que el especialista puede estar en  cualquier lugar y en tan s\u00f3lo unos minutos disponer, f\u00edsicamente, de los  ex\u00e1menes del paciente (radiograf\u00edas y electrocardiogramas, entre  otros).<\/p>\n<p style=\"text-align: justify;\">&nbsp;<\/p>\n<p style=\"text-align: justify;\">&nbsp;<\/p>\n<p style=\"text-align: justify;\">&nbsp;<\/p>\n<p style=\"text-align: justify;\">&nbsp;<\/p>\n<p>Con las soluciones desarrolladas en RFID como\u00a0 SICOH RFID TECCIAL \u00ae\u00a0 Soluci\u00f3n Control Hospitalario,\u00a0 hemos aplicado\u00a0 la tecnolog\u00eda de Identificaci\u00f3n por Radiofrecuencia en el \u00e1mbito HOSPITALARIO, Combinando nuestras divisiones y nuestra Metodolog\u00eda TECCIAL\u00ae hemos dise\u00f1ado e implementado soluciones integrales de automatizaci\u00f3n, activaci\u00f3n operacional, para diferentes sectores y problem\u00e1ticas<\/p>\n<ul>\n<li>Cadena log\u00edstica Hospitalaria<\/li>\n<li>Cadena de suministro<\/li>\n<li>Flujos de materiales y de informaci\u00f3n<\/li>\n<li>Control de pacientes en el servicio de<\/li>\n<li>Urgencias<\/li>\n<li>Control de pacientes en el Quir\u00f3fano<\/li>\n<li>Control de la disponibilidad de Vestuario y Uniformes<\/li>\n<li>Control de Inventario y Administraci\u00f3n de Equipos y Medicamentos Cr\u00edticos<\/li>\n<li>Control Banco de Sangre<\/li>\n<\/ul>\n<p style=\"text-align: justify;\">&nbsp;<\/p>\n<p style=\"text-align: justify;\">Nuestros Equipos de TeleRadiolog\u00eda soportan PAC&#8217;s\/RIS y son potentes sistemas medicos aplicados en las cl\u00ednicas, hospitales, centros de salud que mejoran los procesos del servicio de radiolog\u00eda.<\/p>\n<p style=\"text-align: justify;\"><img loading=\"lazy\" class=\"alignleft size-full wp-image-586\" src=\"http:\/\/www.teccial.com\/teccial\/wp-content\/uploads\/2012\/04\/telemedicina4.png\" alt=\"\" width=\"274\" height=\"182\" srcset=\"http:\/\/teccial.com\/wp-content\/uploads\/2012\/04\/telemedicina4.png 600w, http:\/\/teccial.com\/wp-content\/uploads\/2012\/04\/telemedicina4-300x199.png 300w, http:\/\/teccial.com\/wp-content\/uploads\/2012\/04\/telemedicina4-150x99.png 150w\" sizes=\"(max-width: 274px) 100vw, 274px\" \/><\/p>\n<p style=\"text-align: justify;\"><a href=\"http:\/\/www.teccial.com\/teccial\/wp-content\/uploads\/2012\/04\/TECCIALondas3.jpg\"><img loading=\"lazy\" class=\"alignleft size-full wp-image-587\" src=\"http:\/\/www.teccial.com\/teccial\/wp-content\/uploads\/2012\/04\/telemedicina5.png\" alt=\"\" width=\"302\" height=\"160\" srcset=\"http:\/\/teccial.com\/wp-content\/uploads\/2012\/04\/telemedicina5.png 454w, http:\/\/teccial.com\/wp-content\/uploads\/2012\/04\/telemedicina5-300x158.png 300w, http:\/\/teccial.com\/wp-content\/uploads\/2012\/04\/telemedicina5-150x79.png 150w\" sizes=\"(max-width: 302px) 100vw, 302px\" \/><\/a><\/p>\n<p style=\"text-align: justify;\">&nbsp;<\/p>\n<p style=\"text-align: justify;\">&nbsp;<\/p>\n<p style=\"text-align: justify;\"><img loading=\"lazy\" class=\"alignleft size-full wp-image-585\" src=\"http:\/\/www.teccial.com\/teccial\/wp-content\/uploads\/2012\/04\/telemedicina2.png\" alt=\"\" width=\"515\" height=\"291\" srcset=\"http:\/\/teccial.com\/wp-content\/uploads\/2012\/04\/telemedicina2.png 567w, http:\/\/teccial.com\/wp-content\/uploads\/2012\/04\/telemedicina2-300x169.png 300w, http:\/\/teccial.com\/wp-content\/uploads\/2012\/04\/telemedicina2-150x84.png 150w\" sizes=\"(max-width: 515px) 100vw, 515px\" \/><a href=\"http:\/\/www.teccial.com\/teccial\/wp-content\/uploads\/2012\/04\/TECCIALondas3.jpg\"><img loading=\"lazy\" class=\"alignnone size-full wp-image-341\" title=\"TECCIALondas\" src=\"http:\/\/www.teccial.com\/teccial\/wp-content\/uploads\/2012\/04\/TECCIALondas3.jpg\" alt=\"teccial\" width=\"566\" height=\"143\" srcset=\"http:\/\/teccial.com\/wp-content\/uploads\/2012\/04\/TECCIALondas3.jpg 566w, http:\/\/teccial.com\/wp-content\/uploads\/2012\/04\/TECCIALondas3-300x75.jpg 300w, http:\/\/teccial.com\/wp-content\/uploads\/2012\/04\/TECCIALondas3-150x37.jpg 150w\" sizes=\"(max-width: 566px) 100vw, 566px\" \/><\/a><\/p>\n","protected":false},"excerpt":{"rendered":"<p>Nuestra aplicaciones de Telemedicina combina cualquier tipo de actividad m\u00e9dica que implique un elemento de distancia. Esta herramienta evita colapsos en las cl\u00ednicas, ya que [&hellip;]<\/p>\n","protected":false},"author":1,"featured_media":0,"parent":0,"menu_order":0,"comment_status":"open","ping_status":"open","template":"","meta":[],"_links":{"self":[{"href":"http:\/\/teccial.com\/teccial\/index.php?rest_route=\/wp\/v2\/pages\/579"}],"collection":[{"href":"http:\/\/teccial.com\/teccial\/index.php?rest_route=\/wp\/v2\/pages"}],"about":[{"href":"http:\/\/teccial.com\/teccial\/index.php?rest_route=\/wp\/v2\/types\/page"}],"author":[{"embeddable":true,"href":"http:\/\/teccial.com\/teccial\/index.php?rest_route=\/wp\/v2\/users\/1"}],"replies":[{"embeddable":true,"href":"http:\/\/teccial.com\/teccial\/index.php?rest_route=%2Fwp%2Fv2%2Fcomments&post=579"}],"version-history":[{"count":5,"href":"http:\/\/teccial.com\/teccial\/index.php?rest_route=\/wp\/v2\/pages\/579\/revisions"}],"predecessor-version":[{"id":590,"href":"http:\/\/teccial.com\/teccial\/index.php?rest_route=\/wp\/v2\/pages\/579\/revisions\/590"}],"wp:attachment":[{"href":"http:\/\/teccial.com\/teccial\/index.php?rest_route=%2Fwp%2Fv2%2Fmedia&parent=579"}],"curies":[{"name":"wp","href":"https:\/\/api.w.org\/{rel}","templated":true}]}}