{"id":56,"date":"2012-04-12T06:00:04","date_gmt":"2012-04-12T11:00:04","guid":{"rendered":"http:\/\/www.teccial.com\/teccial\/?page_id=56"},"modified":"2012-04-18T09:40:55","modified_gmt":"2012-04-18T14:40:55","slug":"video-inteligente","status":"publish","type":"page","link":"http:\/\/teccial.com\/teccial\/?page_id=56","title":{"rendered":"Video Inteligente"},"content":{"rendered":"<div class=\"textoarticulo\">\n<div style=\"float: left; margin: 0 10px 10px 0;\"><img src=\"http:\/\/www.teccial.com\/teccial\/wp-content\/themes\/starttica\/images\/ima_paginas\/pag010.png\" alt=\"\" \/><\/div>\n<p><strong>Nuestro Servicio de Video Inteligente<\/strong> basado en soluciones de proceso y transmisi\u00f3n de v\u00eddeo y audio digital, orientado al mercado profesional de integradores de sistemas, OEMs<\/p>\n<p>&nbsp;<\/p>\n<p>Somos expertos en dise\u00f1o de sistemas embebidos para procesamiento de video y comunicaci\u00f3n de alta velocidad sobre tecnolog\u00edas IP, garantizando una soluci\u00f3n compacta rentable, flexible y escalable.<\/p>\n<\/div>\n<p style=\"text-align: justify;\"><a href=\"http:\/\/www.teccial.com\/teccial\/wp-content\/uploads\/2012\/04\/TECCIALondas3.jpg\"><img loading=\"lazy\" class=\"alignnone size-full wp-image-341\" title=\"TECCIALondas\" src=\"http:\/\/www.teccial.com\/teccial\/wp-content\/uploads\/2012\/04\/TECCIALondas3.jpg\" alt=\"teccial\" width=\"566\" height=\"143\" srcset=\"http:\/\/teccial.com\/wp-content\/uploads\/2012\/04\/TECCIALondas3.jpg 566w, http:\/\/teccial.com\/wp-content\/uploads\/2012\/04\/TECCIALondas3-300x75.jpg 300w, http:\/\/teccial.com\/wp-content\/uploads\/2012\/04\/TECCIALondas3-150x37.jpg 150w\" sizes=\"(max-width: 566px) 100vw, 566px\" \/><\/a><\/p>\n","protected":false},"excerpt":{"rendered":"<p>Nuestro Servicio de Video Inteligente basado en soluciones de proceso y transmisi\u00f3n de v\u00eddeo y audio digital, orientado al mercado profesional de integradores de sistemas, [&hellip;]<\/p>\n","protected":false},"author":1,"featured_media":0,"parent":23,"menu_order":1,"comment_status":"closed","ping_status":"closed","template":"","meta":[],"_links":{"self":[{"href":"http:\/\/teccial.com\/teccial\/index.php?rest_route=\/wp\/v2\/pages\/56"}],"collection":[{"href":"http:\/\/teccial.com\/teccial\/index.php?rest_route=\/wp\/v2\/pages"}],"about":[{"href":"http:\/\/teccial.com\/teccial\/index.php?rest_route=\/wp\/v2\/types\/page"}],"author":[{"embeddable":true,"href":"http:\/\/teccial.com\/teccial\/index.php?rest_route=\/wp\/v2\/users\/1"}],"replies":[{"embeddable":true,"href":"http:\/\/teccial.com\/teccial\/index.php?rest_route=%2Fwp%2Fv2%2Fcomments&post=56"}],"version-history":[{"count":4,"href":"http:\/\/teccial.com\/teccial\/index.php?rest_route=\/wp\/v2\/pages\/56\/revisions"}],"predecessor-version":[{"id":476,"href":"http:\/\/teccial.com\/teccial\/index.php?rest_route=\/wp\/v2\/pages\/56\/revisions\/476"}],"up":[{"embeddable":true,"href":"http:\/\/teccial.com\/teccial\/index.php?rest_route=\/wp\/v2\/pages\/23"}],"wp:attachment":[{"href":"http:\/\/teccial.com\/teccial\/index.php?rest_route=%2Fwp%2Fv2%2Fmedia&parent=56"}],"curies":[{"name":"wp","href":"https:\/\/api.w.org\/{rel}","templated":true}]}}