{"id":551,"date":"2012-04-25T11:46:17","date_gmt":"2012-04-25T16:46:17","guid":{"rendered":"http:\/\/www.teccial.com\/teccial\/?page_id=551"},"modified":"2012-04-25T11:51:07","modified_gmt":"2012-04-25T16:51:07","slug":"camaras-analogas-moviles","status":"publish","type":"page","link":"http:\/\/teccial.com\/teccial\/?page_id=551","title":{"rendered":"C\u00e1maras An\u00e1logas M\u00f3viles"},"content":{"rendered":"<p><img loading=\"lazy\" class=\"alignleft size-full wp-image-552\" src=\"http:\/\/www.teccial.com\/teccial\/wp-content\/uploads\/2012\/04\/video-collage.png\" alt=\"\" width=\"190\" height=\"143\" srcset=\"http:\/\/teccial.com\/wp-content\/uploads\/2012\/04\/video-collage.png 190w, http:\/\/teccial.com\/wp-content\/uploads\/2012\/04\/video-collage-150x112.png 150w\" sizes=\"(max-width: 190px) 100vw, 190px\" \/>Nuestras soluciones ser\u00e1 capaz de  simplificar necesidades tan diversas como  mantener un control visual de  sus bienes en su empresa u hogar, brindar  capacitaciones a distancia y  medir desde la comodidad del lugar que  usted elija, el desarrollo y  calidad de sus procesos m\u00f3viles.<\/p>\n<p><strong>*Nuestras C\u00e1maras An\u00e1logas M\u00f3viles\u00a0 transmiten en Tiempo Real, con Visi\u00f3n noctura, una mayor resoluci\u00f3n y optima transmisi\u00f3n de imagenes<\/strong><\/p>\n<p>&nbsp;<\/p>\n<p><strong>Caracter\u00edsticas:<\/strong><\/p>\n<ul>\n<li>Grabaci\u00f3n centralizada de video e im\u00e1genes con calidad superior en tiempo real<\/li>\n<li> Env\u00edo de alarmas  por correo electr\u00f3nico<\/li>\n<li> Utilizaci\u00f3n de almacenamiento en disco duro<\/li>\n<li> Monitoreo de grandes \u00e1reas de manera m\u00e1s eficiente<\/li>\n<li> Transmisi\u00f3n de video en vivo a trav\u00e9s de Internet para visualizaci\u00f3n remota<\/li>\n<li> Permite Paneo\/Inclinaci\u00f3n\/zoom<\/li>\n<li> Variedad de c\u00e1maras IP como cableadas, inal\u00e1mbricas, para exteriores, interiores, tipo domo, megapixeles, etc<\/li>\n<li> Monitoreo basado en Web<em>.<\/em><\/li>\n<\/ul>\n<p style=\"text-align: justify;\"><a href=\"http:\/\/www.teccial.com\/teccial\/wp-content\/uploads\/2012\/04\/TECCIALondas3.jpg\"><img loading=\"lazy\" class=\"alignnone size-full wp-image-341\" title=\"TECCIALondas\" src=\"http:\/\/www.teccial.com\/teccial\/wp-content\/uploads\/2012\/04\/TECCIALondas3.jpg\" alt=\"teccial\" width=\"566\" height=\"143\" srcset=\"http:\/\/teccial.com\/wp-content\/uploads\/2012\/04\/TECCIALondas3.jpg 566w, http:\/\/teccial.com\/wp-content\/uploads\/2012\/04\/TECCIALondas3-300x75.jpg 300w, http:\/\/teccial.com\/wp-content\/uploads\/2012\/04\/TECCIALondas3-150x37.jpg 150w\" sizes=\"(max-width: 566px) 100vw, 566px\" \/><\/a><\/p>\n","protected":false},"excerpt":{"rendered":"<p>Nuestras soluciones ser\u00e1 capaz de simplificar necesidades tan diversas como mantener un control visual de sus bienes en su empresa u hogar, brindar capacitaciones a [&hellip;]<\/p>\n","protected":false},"author":1,"featured_media":0,"parent":0,"menu_order":0,"comment_status":"open","ping_status":"open","template":"","meta":[],"_links":{"self":[{"href":"http:\/\/teccial.com\/teccial\/index.php?rest_route=\/wp\/v2\/pages\/551"}],"collection":[{"href":"http:\/\/teccial.com\/teccial\/index.php?rest_route=\/wp\/v2\/pages"}],"about":[{"href":"http:\/\/teccial.com\/teccial\/index.php?rest_route=\/wp\/v2\/types\/page"}],"author":[{"embeddable":true,"href":"http:\/\/teccial.com\/teccial\/index.php?rest_route=\/wp\/v2\/users\/1"}],"replies":[{"embeddable":true,"href":"http:\/\/teccial.com\/teccial\/index.php?rest_route=%2Fwp%2Fv2%2Fcomments&post=551"}],"version-history":[{"count":3,"href":"http:\/\/teccial.com\/teccial\/index.php?rest_route=\/wp\/v2\/pages\/551\/revisions"}],"predecessor-version":[{"id":556,"href":"http:\/\/teccial.com\/teccial\/index.php?rest_route=\/wp\/v2\/pages\/551\/revisions\/556"}],"wp:attachment":[{"href":"http:\/\/teccial.com\/teccial\/index.php?rest_route=%2Fwp%2Fv2%2Fmedia&parent=551"}],"curies":[{"name":"wp","href":"https:\/\/api.w.org\/{rel}","templated":true}]}}