{"id":54,"date":"2012-04-12T05:59:06","date_gmt":"2012-04-12T10:59:06","guid":{"rendered":"http:\/\/www.teccial.com\/teccial\/?page_id=54"},"modified":"2012-04-16T12:07:14","modified_gmt":"2012-04-16T17:07:14","slug":"software-para-telefonos-moviles","status":"publish","type":"page","link":"http:\/\/teccial.com\/teccial\/?page_id=54","title":{"rendered":"Software para Tel\u00e9fonos M\u00f3viles"},"content":{"rendered":"<div class=\"textoarticulo\">\n<div style=\"float: left; margin: 0 10px 10px 0;\"><img src=\"http:\/\/www.teccial.com\/teccial\/wp-content\/themes\/starttica\/images\/ima_paginas\/pag004.png\" alt=\"\" \/><\/div>\n<p><strong>Nuestro servicio de creaci\u00f3n de aplicaciones para tel\u00e9fonos  m\u00f3viles<\/strong>, consigue llevar al bolsillo de los usuarios la  posibilidad de acceder a cualquier aplicaci\u00f3n, en cualquier instante, y  desde cualquier lugar.Uno de los primeros servicios que desarrollamos es la adaptaci\u00f3n   de las webs para tel\u00e9fonos m\u00f3viles. Desde la simple adaptaci\u00f3n para  posibilitar  su navegaci\u00f3n, hasta la creaci\u00f3n de una interface de  usuario dise\u00f1ada  especialmente para tel\u00e9fonos m\u00f3viles.<\/p>\n<p>Desarrollamos  aplicaciones  para que sean instaladas en el m\u00f3vil y puedan ejecutarse  en cualquier instante,  con o sin conexi\u00f3n a internet;\u00a0 aplicaciones transaccionales que incluso enlazan con  la informaci\u00f3n  almacenada en los sistemas corporativos de nuestros  clientes.<\/p>\n<p>En Nuestras Plataformas Tecnol\u00f3gicas TECCIAL aplicamos un estudio personalizado, an\u00e1lisis y dise\u00f1o de la necesidad del cliente (log\u00edstica, m\u00e9dica, industrial, educativa y comercial) para acoplarla a una app inteligente para su dispositivo m\u00f3vil.<\/p>\n<\/div>\n<p style=\"text-align: justify;\"><a href=\"http:\/\/www.teccial.com\/teccial\/wp-content\/uploads\/2012\/04\/TECCIALondas3.jpg\"><img loading=\"lazy\" class=\"alignnone size-full wp-image-341\" title=\"TECCIALondas\" src=\"http:\/\/www.teccial.com\/teccial\/wp-content\/uploads\/2012\/04\/TECCIALondas3.jpg\" alt=\"teccial\" width=\"566\" height=\"143\" srcset=\"http:\/\/teccial.com\/wp-content\/uploads\/2012\/04\/TECCIALondas3.jpg 566w, http:\/\/teccial.com\/wp-content\/uploads\/2012\/04\/TECCIALondas3-300x75.jpg 300w, http:\/\/teccial.com\/wp-content\/uploads\/2012\/04\/TECCIALondas3-150x37.jpg 150w\" sizes=\"(max-width: 566px) 100vw, 566px\" \/><\/a><\/p>\n","protected":false},"excerpt":{"rendered":"<p>Nuestro servicio de creaci\u00f3n de aplicaciones para tel\u00e9fonos m\u00f3viles, consigue llevar al bolsillo de los usuarios la posibilidad de acceder a cualquier aplicaci\u00f3n, en cualquier [&hellip;]<\/p>\n","protected":false},"author":1,"featured_media":0,"parent":23,"menu_order":1,"comment_status":"closed","ping_status":"closed","template":"","meta":[],"_links":{"self":[{"href":"http:\/\/teccial.com\/teccial\/index.php?rest_route=\/wp\/v2\/pages\/54"}],"collection":[{"href":"http:\/\/teccial.com\/teccial\/index.php?rest_route=\/wp\/v2\/pages"}],"about":[{"href":"http:\/\/teccial.com\/teccial\/index.php?rest_route=\/wp\/v2\/types\/page"}],"author":[{"embeddable":true,"href":"http:\/\/teccial.com\/teccial\/index.php?rest_route=\/wp\/v2\/users\/1"}],"replies":[{"embeddable":true,"href":"http:\/\/teccial.com\/teccial\/index.php?rest_route=%2Fwp%2Fv2%2Fcomments&post=54"}],"version-history":[{"count":3,"href":"http:\/\/teccial.com\/teccial\/index.php?rest_route=\/wp\/v2\/pages\/54\/revisions"}],"predecessor-version":[{"id":402,"href":"http:\/\/teccial.com\/teccial\/index.php?rest_route=\/wp\/v2\/pages\/54\/revisions\/402"}],"up":[{"embeddable":true,"href":"http:\/\/teccial.com\/teccial\/index.php?rest_route=\/wp\/v2\/pages\/23"}],"wp:attachment":[{"href":"http:\/\/teccial.com\/teccial\/index.php?rest_route=%2Fwp%2Fv2%2Fmedia&parent=54"}],"curies":[{"name":"wp","href":"https:\/\/api.w.org\/{rel}","templated":true}]}}