{"id":49,"date":"2012-04-12T05:55:47","date_gmt":"2012-04-12T10:55:47","guid":{"rendered":"http:\/\/www.teccial.com\/teccial\/?page_id=49"},"modified":"2012-04-16T12:06:34","modified_gmt":"2012-04-16T17:06:34","slug":"sensores-automatizacion-industrial","status":"publish","type":"page","link":"http:\/\/teccial.com\/teccial\/?page_id=49","title":{"rendered":"Sensores Automatizaci\u00f3n Industrial"},"content":{"rendered":"<div class=\"textoarticulo\">\n<div style=\"float: left; margin: 0 10px 10px 0;\"><img loading=\"lazy\" src=\"http:\/\/www.teccial.com\/teccial\/wp-content\/themes\/starttica\/images\/ima_paginas\/pag014.png\" alt=\"\" width=\"218\" height=\"174\" \/><\/div>\n<p><strong><\/strong><strong>En nuestro departamento de servicio <\/strong>contamos con dos \u00e1reas principalmente las cuales son:Servicio en planta<\/p>\n<p>Mantenimiento preventivo o correctivo en su planta, para cualquier tipo de tama\u00f1o o tipo de proceso. Contamos con varias plataformas de software, interfaces y herramientas para resolver problemas en PLC\u2019s y\/o interfaces de operador; variadores de velocidad de cualquier potencia y marca, tanto en CD como AC. Esta actividad la realizamos las 24 horas, los 365 d\u00edas del a\u00f1o, pensando en poder apoyar a su empresa a reducir las p\u00e9rdidas por tiempos de m\u00e1quina parada por mantenimiento correctivo.<\/p>\n<p><strong>Mantenimiento\/Reparaci\u00f3n<\/strong><\/p>\n<p>TECCIAL cuenta con un laboratorio totalmente equipado e Ingenieros en electr\u00f3nica y mecanica calificados para poder diagnosticar y reparar cualquier tipo de tarjeta electr\u00f3nica o equipo de control tales como PLC\u00b4s, variadores de velocidad de CA y CD, servo drives, etc<\/p>\n<p><strong>PROYECTOS <\/strong><\/p>\n<p>Desarrollo de Ingenier\u00eda para la integraci\u00f3n de nuevos proyectos y modernizaci\u00f3n de sus procesos industriales, teniendo un staff de Ingenieros calificados los cuales llevaran paso a paso su proyecto, sin importar el tama\u00f1o del mismo.<\/p>\n<p>Perm\u00edtanos ofrecerle nuestra experiencia en el desarrollo de proyectos de automatizaci\u00f3n, desde la pre ingenier\u00eda, desarrollo y elaboraci\u00f3n de diagramas el\u00e9ctricos, selecci\u00f3n de equipos, armado de tableros, instalaci\u00f3n, conexi\u00f3n, programaci\u00f3n y puesta en marcha de su maquinaria o proceso.<\/p>\n<p>Nuestros ingenieros podr\u00e1n realizar para usted la programaci\u00f3n de PLC\u00b4s, interfaces de operador, variadores de velocidad, aplicaciones con servo controladores, adem\u00e1s de la capacidad de desarrollar software para el control, monitoreo y control estad\u00edstico as\u00ed como intercambio de informaci\u00f3n a nivel de planta y gerencial<\/p>\n<\/div>\n<p style=\"text-align: justify;\"><a href=\"http:\/\/www.teccial.com\/teccial\/wp-content\/uploads\/2012\/04\/TECCIALondas3.jpg\"><img loading=\"lazy\" class=\"alignnone size-full wp-image-341\" title=\"TECCIALondas\" src=\"http:\/\/www.teccial.com\/teccial\/wp-content\/uploads\/2012\/04\/TECCIALondas3.jpg\" alt=\"teccial\" width=\"566\" height=\"143\" srcset=\"http:\/\/teccial.com\/wp-content\/uploads\/2012\/04\/TECCIALondas3.jpg 566w, http:\/\/teccial.com\/wp-content\/uploads\/2012\/04\/TECCIALondas3-300x75.jpg 300w, http:\/\/teccial.com\/wp-content\/uploads\/2012\/04\/TECCIALondas3-150x37.jpg 150w\" sizes=\"(max-width: 566px) 100vw, 566px\" \/><\/a><\/p>\n","protected":false},"excerpt":{"rendered":"<p>En nuestro departamento de servicio contamos con dos \u00e1reas principalmente las cuales son:Servicio en planta Mantenimiento preventivo o correctivo en su planta, para cualquier tipo [&hellip;]<\/p>\n","protected":false},"author":1,"featured_media":0,"parent":23,"menu_order":1,"comment_status":"open","ping_status":"open","template":"","meta":[],"_links":{"self":[{"href":"http:\/\/teccial.com\/teccial\/index.php?rest_route=\/wp\/v2\/pages\/49"}],"collection":[{"href":"http:\/\/teccial.com\/teccial\/index.php?rest_route=\/wp\/v2\/pages"}],"about":[{"href":"http:\/\/teccial.com\/teccial\/index.php?rest_route=\/wp\/v2\/types\/page"}],"author":[{"embeddable":true,"href":"http:\/\/teccial.com\/teccial\/index.php?rest_route=\/wp\/v2\/users\/1"}],"replies":[{"embeddable":true,"href":"http:\/\/teccial.com\/teccial\/index.php?rest_route=%2Fwp%2Fv2%2Fcomments&post=49"}],"version-history":[{"count":4,"href":"http:\/\/teccial.com\/teccial\/index.php?rest_route=\/wp\/v2\/pages\/49\/revisions"}],"predecessor-version":[{"id":401,"href":"http:\/\/teccial.com\/teccial\/index.php?rest_route=\/wp\/v2\/pages\/49\/revisions\/401"}],"up":[{"embeddable":true,"href":"http:\/\/teccial.com\/teccial\/index.php?rest_route=\/wp\/v2\/pages\/23"}],"wp:attachment":[{"href":"http:\/\/teccial.com\/teccial\/index.php?rest_route=%2Fwp%2Fv2%2Fmedia&parent=49"}],"curies":[{"name":"wp","href":"https:\/\/api.w.org\/{rel}","templated":true}]}}