{"id":47,"date":"2012-04-12T05:54:59","date_gmt":"2012-04-12T10:54:59","guid":{"rendered":"http:\/\/www.teccial.com\/teccial\/?page_id=47"},"modified":"2012-04-18T13:11:13","modified_gmt":"2012-04-18T18:11:13","slug":"microcontroladores","status":"publish","type":"page","link":"http:\/\/teccial.com\/teccial\/?page_id=47","title":{"rendered":"MicroControladores"},"content":{"rendered":"<div class=\"textoarticulo\">\n<div style=\"float: left; margin: 0 10px 10px 0;\">\n<img src=\"http:\/\/www.teccial.com\/teccial\/wp-content\/themes\/starttica\/images\/ima_paginas\/pag001.png\" alt=\"\" \/>\n<\/div>\n<p>\t<span style=\"font-weight: bold;\">CIRCUITOS <\/span> Creamos circuitos integrados programables, capaz de ejecutar las \u00f3rdenes grabadas en su memoria. basados en una Ingenier\u00eda de Microsistemas aplicados al campo de la automatizaci\u00f3n industrial.\n<\/div>\n<p style=\"text-align: justify;\"><a href=\"http:\/\/www.teccial.com\/teccial\/wp-content\/uploads\/2012\/04\/TECCIALondas3.jpg\"><img loading=\"lazy\" class=\"alignnone size-full wp-image-341\" title=\"TECCIALondas\" src=\"http:\/\/www.teccial.com\/teccial\/wp-content\/uploads\/2012\/04\/TECCIALondas3.jpg\" alt=\"teccial\" width=\"566\" height=\"143\" srcset=\"http:\/\/teccial.com\/wp-content\/uploads\/2012\/04\/TECCIALondas3.jpg 566w, http:\/\/teccial.com\/wp-content\/uploads\/2012\/04\/TECCIALondas3-300x75.jpg 300w, http:\/\/teccial.com\/wp-content\/uploads\/2012\/04\/TECCIALondas3-150x37.jpg 150w\" sizes=\"(max-width: 566px) 100vw, 566px\" \/><\/a><\/p>\n","protected":false},"excerpt":{"rendered":"<p>CIRCUITOS Creamos circuitos integrados programables, capaz de ejecutar las \u00f3rdenes grabadas en su memoria. basados en una Ingenier\u00eda de Microsistemas aplicados al campo de la [&hellip;]<\/p>\n","protected":false},"author":1,"featured_media":0,"parent":23,"menu_order":1,"comment_status":"closed","ping_status":"closed","template":"","meta":[],"_links":{"self":[{"href":"http:\/\/teccial.com\/teccial\/index.php?rest_route=\/wp\/v2\/pages\/47"}],"collection":[{"href":"http:\/\/teccial.com\/teccial\/index.php?rest_route=\/wp\/v2\/pages"}],"about":[{"href":"http:\/\/teccial.com\/teccial\/index.php?rest_route=\/wp\/v2\/types\/page"}],"author":[{"embeddable":true,"href":"http:\/\/teccial.com\/teccial\/index.php?rest_route=\/wp\/v2\/users\/1"}],"replies":[{"embeddable":true,"href":"http:\/\/teccial.com\/teccial\/index.php?rest_route=%2Fwp%2Fv2%2Fcomments&post=47"}],"version-history":[{"count":3,"href":"http:\/\/teccial.com\/teccial\/index.php?rest_route=\/wp\/v2\/pages\/47\/revisions"}],"predecessor-version":[{"id":489,"href":"http:\/\/teccial.com\/teccial\/index.php?rest_route=\/wp\/v2\/pages\/47\/revisions\/489"}],"up":[{"embeddable":true,"href":"http:\/\/teccial.com\/teccial\/index.php?rest_route=\/wp\/v2\/pages\/23"}],"wp:attachment":[{"href":"http:\/\/teccial.com\/teccial\/index.php?rest_route=%2Fwp%2Fv2%2Fmedia&parent=47"}],"curies":[{"name":"wp","href":"https:\/\/api.w.org\/{rel}","templated":true}]}}