{"id":452,"date":"2012-04-18T08:09:28","date_gmt":"2012-04-18T13:09:28","guid":{"rendered":"http:\/\/www.teccial.com\/teccial\/?page_id=452"},"modified":"2012-04-18T13:10:26","modified_gmt":"2012-04-18T18:10:26","slug":"geolocalizacion-telef-mov-fijos","status":"publish","type":"page","link":"http:\/\/teccial.com\/teccial\/?page_id=452","title":{"rendered":"Geolocalizaci\u00f3n Tel\u00e9f M\u00f3v.\/Fijos"},"content":{"rendered":"<p><img loading=\"lazy\" class=\"alignleft size-full wp-image-487\" src=\"http:\/\/www.teccial.com\/teccial\/wp-content\/uploads\/2012\/04\/teccialtelemedios1.jpg\" alt=\"\" width=\"474\" height=\"539\" srcset=\"http:\/\/teccial.com\/wp-content\/uploads\/2012\/04\/teccialtelemedios1.jpg 586w, http:\/\/teccial.com\/wp-content\/uploads\/2012\/04\/teccialtelemedios1-263x300.jpg 263w, http:\/\/teccial.com\/wp-content\/uploads\/2012\/04\/teccialtelemedios1-300x341.jpg 300w, http:\/\/teccial.com\/wp-content\/uploads\/2012\/04\/teccialtelemedios1-150x170.jpg 150w\" sizes=\"(max-width: 474px) 100vw, 474px\" \/><\/p>\n<p style=\"text-align: justify;\"><a href=\"http:\/\/www.teccial.com\/teccial\/wp-content\/uploads\/2012\/04\/TECCIALondas3.jpg\"><img loading=\"lazy\" class=\"alignnone size-full wp-image-341\" title=\"TECCIALondas\" src=\"http:\/\/www.teccial.com\/teccial\/wp-content\/uploads\/2012\/04\/TECCIALondas3.jpg\" alt=\"teccial\" width=\"566\" height=\"143\" srcset=\"http:\/\/teccial.com\/wp-content\/uploads\/2012\/04\/TECCIALondas3.jpg 566w, http:\/\/teccial.com\/wp-content\/uploads\/2012\/04\/TECCIALondas3-300x75.jpg 300w, http:\/\/teccial.com\/wp-content\/uploads\/2012\/04\/TECCIALondas3-150x37.jpg 150w\" sizes=\"(max-width: 566px) 100vw, 566px\" \/><\/a><\/p>\n","protected":false},"excerpt":{"rendered":"","protected":false},"author":1,"featured_media":0,"parent":0,"menu_order":0,"comment_status":"open","ping_status":"open","template":"","meta":[],"_links":{"self":[{"href":"http:\/\/teccial.com\/teccial\/index.php?rest_route=\/wp\/v2\/pages\/452"}],"collection":[{"href":"http:\/\/teccial.com\/teccial\/index.php?rest_route=\/wp\/v2\/pages"}],"about":[{"href":"http:\/\/teccial.com\/teccial\/index.php?rest_route=\/wp\/v2\/types\/page"}],"author":[{"embeddable":true,"href":"http:\/\/teccial.com\/teccial\/index.php?rest_route=\/wp\/v2\/users\/1"}],"replies":[{"embeddable":true,"href":"http:\/\/teccial.com\/teccial\/index.php?rest_route=%2Fwp%2Fv2%2Fcomments&post=452"}],"version-history":[{"count":3,"href":"http:\/\/teccial.com\/teccial\/index.php?rest_route=\/wp\/v2\/pages\/452\/revisions"}],"predecessor-version":[{"id":488,"href":"http:\/\/teccial.com\/teccial\/index.php?rest_route=\/wp\/v2\/pages\/452\/revisions\/488"}],"wp:attachment":[{"href":"http:\/\/teccial.com\/teccial\/index.php?rest_route=%2Fwp%2Fv2%2Fmedia&parent=452"}],"curies":[{"name":"wp","href":"https:\/\/api.w.org\/{rel}","templated":true}]}}