{"id":451,"date":"2012-04-18T09:15:32","date_gmt":"2012-04-18T14:15:32","guid":{"rendered":"http:\/\/www.teccial.com\/teccial\/?page_id=451"},"modified":"2012-04-18T13:33:17","modified_gmt":"2012-04-18T18:33:17","slug":"control-logistico-inteligente","status":"publish","type":"page","link":"http:\/\/teccial.com\/teccial\/?page_id=451","title":{"rendered":"Control Log\u00edstico Inteligente"},"content":{"rendered":"<p><img loading=\"lazy\" class=\"alignleft size-full wp-image-490\" src=\"http:\/\/www.teccial.com\/teccial\/wp-content\/uploads\/2012\/04\/2tpi0011.jpg\" alt=\"\" width=\"624\" height=\"456\" srcset=\"http:\/\/teccial.com\/wp-content\/uploads\/2012\/04\/2tpi0011.jpg 992w, http:\/\/teccial.com\/wp-content\/uploads\/2012\/04\/2tpi0011-300x219.jpg 300w, http:\/\/teccial.com\/wp-content\/uploads\/2012\/04\/2tpi0011-150x109.jpg 150w\" sizes=\"(max-width: 624px) 100vw, 624px\" \/>2TPI :: TECCIAL Transporte P\u00fablico Inteligente es Nuestra soluci\u00f3n de Transporte Publico.<\/p>\n<p>&nbsp;<\/p>\n<div>Permite Conocer disponibilidad de Recursos<\/div>\n<div>Mejor Coordinaci\u00f3n de Actividades (despachos, mantenimientos preventivos, correctivos,etc)<\/div>\n<div>Reducci\u00f3n de tiempos y Costos a trav\u00e9s de datos estad\u00edsticos<\/div>\n<div>Aumentar la productividad<\/div>\n<div>\n<ul>\n<li>Administraci\u00f3n de Recorridos<\/li>\n<li>Tiempos y Distancias de Conducci\u00f3n (reales)<\/li>\n<li>Datos Estad\u00edsticos<\/li>\n<li>Comunicaci\u00f3n con el Conductor<\/li>\n<\/ul>\n<\/div>\n<p style=\"text-align: justify;\"><a href=\"http:\/\/www.teccial.com\/teccial\/wp-content\/uploads\/2012\/04\/TECCIALondas3.jpg\"><img loading=\"lazy\" class=\"alignnone size-full wp-image-341\" title=\"TECCIALondas\" src=\"http:\/\/www.teccial.com\/teccial\/wp-content\/uploads\/2012\/04\/TECCIALondas3.jpg\" alt=\"teccial\" width=\"566\" height=\"143\" srcset=\"http:\/\/teccial.com\/wp-content\/uploads\/2012\/04\/TECCIALondas3.jpg 566w, http:\/\/teccial.com\/wp-content\/uploads\/2012\/04\/TECCIALondas3-300x75.jpg 300w, http:\/\/teccial.com\/wp-content\/uploads\/2012\/04\/TECCIALondas3-150x37.jpg 150w\" sizes=\"(max-width: 566px) 100vw, 566px\" \/><\/a><\/p>\n","protected":false},"excerpt":{"rendered":"<p>2TPI :: TECCIAL Transporte P\u00fablico Inteligente es Nuestra soluci\u00f3n de Transporte Publico. &nbsp; Permite Conocer disponibilidad de Recursos Mejor Coordinaci\u00f3n de Actividades (despachos, mantenimientos preventivos, [&hellip;]<\/p>\n","protected":false},"author":1,"featured_media":0,"parent":0,"menu_order":0,"comment_status":"open","ping_status":"open","template":"","meta":[],"_links":{"self":[{"href":"http:\/\/teccial.com\/teccial\/index.php?rest_route=\/wp\/v2\/pages\/451"}],"collection":[{"href":"http:\/\/teccial.com\/teccial\/index.php?rest_route=\/wp\/v2\/pages"}],"about":[{"href":"http:\/\/teccial.com\/teccial\/index.php?rest_route=\/wp\/v2\/types\/page"}],"author":[{"embeddable":true,"href":"http:\/\/teccial.com\/teccial\/index.php?rest_route=\/wp\/v2\/users\/1"}],"replies":[{"embeddable":true,"href":"http:\/\/teccial.com\/teccial\/index.php?rest_route=%2Fwp%2Fv2%2Fcomments&post=451"}],"version-history":[{"count":6,"href":"http:\/\/teccial.com\/teccial\/index.php?rest_route=\/wp\/v2\/pages\/451\/revisions"}],"predecessor-version":[{"id":491,"href":"http:\/\/teccial.com\/teccial\/index.php?rest_route=\/wp\/v2\/pages\/451\/revisions\/491"}],"wp:attachment":[{"href":"http:\/\/teccial.com\/teccial\/index.php?rest_route=%2Fwp%2Fv2%2Fmedia&parent=451"}],"curies":[{"name":"wp","href":"https:\/\/api.w.org\/{rel}","templated":true}]}}