{"id":45,"date":"2012-04-12T05:53:42","date_gmt":"2012-04-12T10:53:42","guid":{"rendered":"http:\/\/www.teccial.com\/teccial\/?page_id=45"},"modified":"2012-04-16T12:06:04","modified_gmt":"2012-04-16T17:06:04","slug":"integracion-electronica","status":"publish","type":"page","link":"http:\/\/teccial.com\/teccial\/?page_id=45","title":{"rendered":"Integraci\u00f3n Electr\u00f3nica"},"content":{"rendered":"<div class=\"textoarticulo\">\n<div style=\"float: left; margin: 0 10px 10px 0;\"><img loading=\"lazy\" src=\"http:\/\/www.teccial.com\/teccial\/wp-content\/themes\/starttica\/images\/ima_paginas\/pag013.png\" alt=\"\" width=\"246\" height=\"164\" \/><\/div>\n<p><span style=\"font-weight: bold;\">Nuestro servicio de integraci\u00f3n electr\u00f3nica <\/span>esta orientada a servicios de automatizaci\u00f3n industrial, con sistemas para interacciones de sus servicios, ofreciendo la soluci\u00f3n m\u00e1s adecuada a las necesidades de integraci\u00f3n de los citados mecanismos.<\/p>\n<p>cumplimos con interfaces de acceso bien \tdefinidas y estandarizadas a sus diferentes servicios industriales, por lo que cualquier \taplicaci\u00f3n podr\u00e1 usar el servicio \u00fanicamente conociendo c\u00f3mo debe \u201cconectarse\u201d \ta \u00e9ste. Nos integramos a complicadas \tl\u00f3gicas en las aplicaciones cr\u00edticas, nuestro servicio simplifica y optimiza a trav\u00e9s de \tla interfaz amigable.<\/p>\n<\/div>\n<p style=\"text-align: justify;\"><a href=\"http:\/\/www.teccial.com\/teccial\/wp-content\/uploads\/2012\/04\/TECCIALondas3.jpg\"><img loading=\"lazy\" class=\"alignnone size-full wp-image-341\" title=\"TECCIALondas\" src=\"http:\/\/www.teccial.com\/teccial\/wp-content\/uploads\/2012\/04\/TECCIALondas3.jpg\" alt=\"teccial\" width=\"566\" height=\"143\" srcset=\"http:\/\/teccial.com\/wp-content\/uploads\/2012\/04\/TECCIALondas3.jpg 566w, http:\/\/teccial.com\/wp-content\/uploads\/2012\/04\/TECCIALondas3-300x75.jpg 300w, http:\/\/teccial.com\/wp-content\/uploads\/2012\/04\/TECCIALondas3-150x37.jpg 150w\" sizes=\"(max-width: 566px) 100vw, 566px\" \/><\/a><\/p>\n","protected":false},"excerpt":{"rendered":"<p>Nuestro servicio de integraci\u00f3n electr\u00f3nica esta orientada a servicios de automatizaci\u00f3n industrial, con sistemas para interacciones de sus servicios, ofreciendo la soluci\u00f3n m\u00e1s adecuada a [&hellip;]<\/p>\n","protected":false},"author":1,"featured_media":0,"parent":23,"menu_order":1,"comment_status":"closed","ping_status":"closed","template":"","meta":[],"_links":{"self":[{"href":"http:\/\/teccial.com\/teccial\/index.php?rest_route=\/wp\/v2\/pages\/45"}],"collection":[{"href":"http:\/\/teccial.com\/teccial\/index.php?rest_route=\/wp\/v2\/pages"}],"about":[{"href":"http:\/\/teccial.com\/teccial\/index.php?rest_route=\/wp\/v2\/types\/page"}],"author":[{"embeddable":true,"href":"http:\/\/teccial.com\/teccial\/index.php?rest_route=\/wp\/v2\/users\/1"}],"replies":[{"embeddable":true,"href":"http:\/\/teccial.com\/teccial\/index.php?rest_route=%2Fwp%2Fv2%2Fcomments&post=45"}],"version-history":[{"count":4,"href":"http:\/\/teccial.com\/teccial\/index.php?rest_route=\/wp\/v2\/pages\/45\/revisions"}],"predecessor-version":[{"id":400,"href":"http:\/\/teccial.com\/teccial\/index.php?rest_route=\/wp\/v2\/pages\/45\/revisions\/400"}],"up":[{"embeddable":true,"href":"http:\/\/teccial.com\/teccial\/index.php?rest_route=\/wp\/v2\/pages\/23"}],"wp:attachment":[{"href":"http:\/\/teccial.com\/teccial\/index.php?rest_route=%2Fwp%2Fv2%2Fmedia&parent=45"}],"curies":[{"name":"wp","href":"https:\/\/api.w.org\/{rel}","templated":true}]}}