{"id":43,"date":"2012-04-12T05:52:26","date_gmt":"2012-04-12T10:52:26","guid":{"rendered":"http:\/\/www.teccial.com\/teccial\/?page_id=43"},"modified":"2012-04-16T10:18:57","modified_gmt":"2012-04-16T15:18:57","slug":"control-de-supervision-y-adquisicion-de-datos-scada","status":"publish","type":"page","link":"http:\/\/teccial.com\/teccial\/?page_id=43","title":{"rendered":"Control de Supervision y Adquisicion de Datos SCADA"},"content":{"rendered":"<div class=\"textoarticulo\">\n<div style=\"float: left; margin: 0 10px 10px 0;\"><img loading=\"lazy\" src=\"http:\/\/www.teccial.com\/teccial\/wp-content\/themes\/starttica\/images\/ima_paginas\/pag015.png\" alt=\"\" width=\"228\" height=\"185\" \/><\/div>\n<p><strong>Nuestros servicios integrales para implementar soluciones SCADA<\/strong>. Mediante estos sistemas se pueden supervisar y controlar procesos en una  planata o dispersos geogr\u00e1ficamente, gracias a tecnolog\u00edas de  comunicaci\u00f3n como Internet, GSM, GPRS, etc.  <span style=\"color: #ffffff;\">&#8230;.<\/span> Adem\u00e1s de la informaci\u00f3n en tiempo real, permiten almacenar datos  hist\u00f3ricos de maniobras, eventos y alarmas as\u00ed como de las variables y  estados del proceso industrial.  Hemos desarrollado software tipo (framework) basado en web para construir soluciones HMI\/<em>SCADA<\/em>\/EMI  <span style=\"color: #ffffff;\">&#8230;<\/span> Nuestros expertos cuentan con certificaciones y una gran experiencia desarrolando en:<\/p>\n<ul>\n<li> Microsoft Visual C#<\/li>\n<li>Lenguajes de\u00a0 bajo nivel<\/li>\n<li>Open Source<\/li>\n<\/ul>\n<p><img src=\"http:\/\/www.teccial.com\/teccial\/wp-content\/themes\/starttica\/images\/ima_paginas\/pag016.png\" alt=\"\" \/><\/div>\n<p style=\"text-align: justify;\"><a href=\"http:\/\/www.teccial.com\/teccial\/wp-content\/uploads\/2012\/04\/TECCIALondas3.jpg\"><img loading=\"lazy\" class=\"alignnone size-full wp-image-341\" title=\"TECCIALondas\" src=\"http:\/\/www.teccial.com\/teccial\/wp-content\/uploads\/2012\/04\/TECCIALondas3.jpg\" alt=\"teccial\" width=\"566\" height=\"143\" srcset=\"http:\/\/teccial.com\/wp-content\/uploads\/2012\/04\/TECCIALondas3.jpg 566w, http:\/\/teccial.com\/wp-content\/uploads\/2012\/04\/TECCIALondas3-300x75.jpg 300w, http:\/\/teccial.com\/wp-content\/uploads\/2012\/04\/TECCIALondas3-150x37.jpg 150w\" sizes=\"(max-width: 566px) 100vw, 566px\" \/><\/a><\/p>\n","protected":false},"excerpt":{"rendered":"<p>Nuestros servicios integrales para implementar soluciones SCADA. Mediante estos sistemas se pueden supervisar y controlar procesos en una planata o dispersos geogr\u00e1ficamente, gracias a tecnolog\u00edas [&hellip;]<\/p>\n","protected":false},"author":1,"featured_media":0,"parent":23,"menu_order":0,"comment_status":"closed","ping_status":"closed","template":"","meta":[],"_links":{"self":[{"href":"http:\/\/teccial.com\/teccial\/index.php?rest_route=\/wp\/v2\/pages\/43"}],"collection":[{"href":"http:\/\/teccial.com\/teccial\/index.php?rest_route=\/wp\/v2\/pages"}],"about":[{"href":"http:\/\/teccial.com\/teccial\/index.php?rest_route=\/wp\/v2\/types\/page"}],"author":[{"embeddable":true,"href":"http:\/\/teccial.com\/teccial\/index.php?rest_route=\/wp\/v2\/users\/1"}],"replies":[{"embeddable":true,"href":"http:\/\/teccial.com\/teccial\/index.php?rest_route=%2Fwp%2Fv2%2Fcomments&post=43"}],"version-history":[{"count":3,"href":"http:\/\/teccial.com\/teccial\/index.php?rest_route=\/wp\/v2\/pages\/43\/revisions"}],"predecessor-version":[{"id":357,"href":"http:\/\/teccial.com\/teccial\/index.php?rest_route=\/wp\/v2\/pages\/43\/revisions\/357"}],"up":[{"embeddable":true,"href":"http:\/\/teccial.com\/teccial\/index.php?rest_route=\/wp\/v2\/pages\/23"}],"wp:attachment":[{"href":"http:\/\/teccial.com\/teccial\/index.php?rest_route=%2Fwp%2Fv2%2Fmedia&parent=43"}],"curies":[{"name":"wp","href":"https:\/\/api.w.org\/{rel}","templated":true}]}}