{"id":39,"date":"2012-04-12T05:49:39","date_gmt":"2012-04-12T10:49:39","guid":{"rendered":"http:\/\/www.teccial.com\/teccial\/?page_id=39"},"modified":"2012-04-16T12:00:59","modified_gmt":"2012-04-16T17:00:59","slug":"comunicacion-unificada-ivr-acr-tts","status":"publish","type":"page","link":"http:\/\/teccial.com\/teccial\/?page_id=39","title":{"rendered":"Comunicaci\u00f3n Unificada (IVR, ACR, TTS)"},"content":{"rendered":"<div class=\"textoarticulo\">\n<div style=\"float: left; margin: 0 10px 10px 0;\"><img loading=\"lazy\" src=\"http:\/\/www.teccial.com\/teccial\/wp-content\/themes\/starttica\/images\/ima_paginas\/pag008.png\" alt=\"\" width=\"179\" height=\"182\" \/><\/div>\n<div class=\"textoarticulo\"><strong>Nuestra\u00a0 soluci\u00f3n de Comunicacion Unificada <\/strong>interactua con sus clientes y proveedores dando respuestas inteligentes, optimizando al maximo los recursos, esta al alcance de cualquier empresa, ya que utiliza tecnolog\u00eda  abierta, basada en PCs con hardware de telefon\u00eda l\u00edder a nivel mundial.<\/div>\n<div class=\"textoarticulo\"><span style=\"color: #ffffff;\">..-<\/span><\/div>\n<div class=\"textoarticulo\">Es la herramienta ideal con la cual podr\u00e1 obtener una excelente  plataforma de comunicaci\u00f3n, totalmente funcional y maximizando la  performance de sus comunicaciones telef\u00f3nicas.<\/div>\n<div class=\"textoarticulo\"><span style=\"color: #ffffff;\">&#8230;<\/span><\/div>\n<div class=\"textoarticulo\"><span style=\"color: #ffffff;\">&#8230;<\/span><\/div>\n<div class=\"textoarticulo\">Se diversifica en soluciones personalizadas para peque\u00f1as y grandes empresas.<\/div>\n<div class=\"textoarticulo\"><span style=\"color: #ffffff;\">&#8230;<\/span><\/div>\n<div id=\"solution\"><strong>Soluci\u00f3n PBX-IP<\/strong><\/div>\n<div>Ahora  tendr\u00e1 una  nueva forma de comunicarse, con m\u00e1s y mejores funcionalidades, m\u00e1s  satisfactorias y eficientes que nunca.<\/div>\n<div>\n<div><strong>Soluci\u00f3n IVR<\/strong><\/div>\n<div>Respuestas inteligentes que  le proveen la mejor interacci\u00f3n con sus clientes y proveedores optimizando al  m\u00e1ximo sus recursos.<\/div>\n<\/div>\n<div><strong>Soluci\u00f3n Call Center<\/strong><\/div>\n<div>Le garantiza una atenci\u00f3n  con excelencia, ponga al alcance de sus  agentes una experiencia \u00fanica en el  contacto con sus clientes.<\/div>\n<div>\n<p><strong>Soluci\u00f3n Discador<\/strong> Un excelente marcador  telef\u00f3nico con el cual podr\u00e1, informar, promocionar y contactar con  efectividad, seguridad y calidad.<\/p>\n<p>&nbsp;<\/p>\n<p><strong> <\/strong><\/p>\n<\/div>\n<p style=\"text-align: justify;\"><a href=\"http:\/\/www.teccial.com\/teccial\/wp-content\/uploads\/2012\/04\/TECCIALondas3.jpg\"><img loading=\"lazy\" class=\"alignnone size-full wp-image-341\" title=\"TECCIALondas\" src=\"http:\/\/www.teccial.com\/teccial\/wp-content\/uploads\/2012\/04\/TECCIALondas3.jpg\" alt=\"teccial\" width=\"566\" height=\"143\" srcset=\"http:\/\/teccial.com\/wp-content\/uploads\/2012\/04\/TECCIALondas3.jpg 566w, http:\/\/teccial.com\/wp-content\/uploads\/2012\/04\/TECCIALondas3-300x75.jpg 300w, http:\/\/teccial.com\/wp-content\/uploads\/2012\/04\/TECCIALondas3-150x37.jpg 150w\" sizes=\"(max-width: 566px) 100vw, 566px\" \/><\/a><\/p>\n<\/div>\n","protected":false},"excerpt":{"rendered":"<p>Nuestra\u00a0 soluci\u00f3n de Comunicacion Unificada interactua con sus clientes y proveedores dando respuestas inteligentes, optimizando al maximo los recursos, esta al alcance de cualquier empresa, [&hellip;]<\/p>\n","protected":false},"author":1,"featured_media":0,"parent":23,"menu_order":1,"comment_status":"closed","ping_status":"closed","template":"","meta":[],"_links":{"self":[{"href":"http:\/\/teccial.com\/teccial\/index.php?rest_route=\/wp\/v2\/pages\/39"}],"collection":[{"href":"http:\/\/teccial.com\/teccial\/index.php?rest_route=\/wp\/v2\/pages"}],"about":[{"href":"http:\/\/teccial.com\/teccial\/index.php?rest_route=\/wp\/v2\/types\/page"}],"author":[{"embeddable":true,"href":"http:\/\/teccial.com\/teccial\/index.php?rest_route=\/wp\/v2\/users\/1"}],"replies":[{"embeddable":true,"href":"http:\/\/teccial.com\/teccial\/index.php?rest_route=%2Fwp%2Fv2%2Fcomments&post=39"}],"version-history":[{"count":4,"href":"http:\/\/teccial.com\/teccial\/index.php?rest_route=\/wp\/v2\/pages\/39\/revisions"}],"predecessor-version":[{"id":397,"href":"http:\/\/teccial.com\/teccial\/index.php?rest_route=\/wp\/v2\/pages\/39\/revisions\/397"}],"up":[{"embeddable":true,"href":"http:\/\/teccial.com\/teccial\/index.php?rest_route=\/wp\/v2\/pages\/23"}],"wp:attachment":[{"href":"http:\/\/teccial.com\/teccial\/index.php?rest_route=%2Fwp%2Fv2%2Fmedia&parent=39"}],"curies":[{"name":"wp","href":"https:\/\/api.w.org\/{rel}","templated":true}]}}