{"id":37,"date":"2012-04-12T05:48:32","date_gmt":"2012-04-12T10:48:32","guid":{"rendered":"http:\/\/www.teccial.com\/teccial\/?page_id=37"},"modified":"2012-04-16T11:57:35","modified_gmt":"2012-04-16T16:57:35","slug":"comunicacion-sms-ussd","status":"publish","type":"page","link":"http:\/\/teccial.com\/teccial\/?page_id=37","title":{"rendered":"Comunicaci\u00f3n SMS, USSD"},"content":{"rendered":"<div class=\"textoarticulo\">\n<div style=\"float: left; margin: 0 10px 10px 0;\"><img loading=\"lazy\" src=\"http:\/\/www.teccial.com\/teccial\/wp-content\/themes\/starttica\/images\/ima_paginas\/pag002.png\" alt=\"\" width=\"246\" height=\"159\" \/><\/div>\n<p style=\"text-align: justify;\"><strong>Nuestra soluci\u00f3n DAL PMS USSD CENTER TECCIAL<\/strong> permite ampliar el negocio de las  compa\u00f1\u00edas de telefon\u00eda m\u00f3vil a un muy bajo costo, posibilitando  desarrollar nuevas y variadas aplicaciones interactivas que facilitan y  promueven la utilizaci\u00f3n de servicios, al tiempo que mejora el  aprovechamiento de las capacidades de las redes GSM.<\/p>\n<p style=\"text-align: justify;\">&nbsp;<\/p>\n<p style=\"text-align: justify;\">Esta soluci\u00f3n efectiva permite fidelizar clientes brindando una interacci\u00f3n  instant\u00e1nea, segura y personalizada de los usuarios con los servicios de  informaci\u00f3n.<\/p>\n<p>&nbsp;<\/p>\n<ul>\n<li>Mayor beneficio econ\u00f3mico. Maximice el beneficio econ\u00f3mico a un muy bajo costo de inversi\u00f3n.<\/li>\n<li>Optimiza costos. Libere servicios brindados mediante IVR\u2019s o SMS y reemplazarlos por el servicio de USSD.<\/li>\n<li>Autonom\u00eda. Con un funcionamiento totalmente aut\u00f3nomo podr\u00e1 obtener  un aprovechamiento exhaustivo de esta tecnolog\u00eda sin ocupar recursos  humanos.<\/li>\n<li>Fidelizaci\u00f3n de clientes. Logre una comunicaci\u00f3n r\u00e1pida y eficaz con  los usuarios, mediante la conexi\u00f3n a bases de datos, consiguiendo una  atenci\u00f3n personalizada y una posterior fidelizaci\u00f3n de clientes.<\/li>\n<li>Optimiza tiempos. La agilidad en la transmisi\u00f3n de datos es tan  r\u00e1pida como si sucediera en una llamada telef\u00f3nica ya que funciona en  una sola sesi\u00f3n quedando abierta hasta que el usuario decida su t\u00e9rmino o  se libere la misma transcurrido cierto tiempo.<\/li>\n<li>Alto tr\u00e1fico. Aprovech\u00e9 la versatilidad de la plataforma que le  permitir\u00e1 la utilizaci\u00f3n simult\u00e1nea del servicio por una gran cantidad  de usuarios ya que puede ser utilizado en todos los tel\u00e9fonos m\u00f3viles  con tecnolog\u00eda GSM.<\/li>\n<\/ul>\n<p>&nbsp;<\/p>\n<p><img class=\"aligncenter\" src=\"http:\/\/www.teccial.com\/teccial\/wp-content\/themes\/starttica\/images\/ima_paginas\/pag003.png\" alt=\"\" \/><\/p>\n<\/div>\n<p style=\"text-align: justify;\"><a href=\"http:\/\/www.teccial.com\/teccial\/wp-content\/uploads\/2012\/04\/TECCIALondas3.jpg\"><img loading=\"lazy\" class=\"alignnone size-full wp-image-341\" title=\"TECCIALondas\" src=\"http:\/\/www.teccial.com\/teccial\/wp-content\/uploads\/2012\/04\/TECCIALondas3.jpg\" alt=\"teccial\" width=\"566\" height=\"143\" srcset=\"http:\/\/teccial.com\/wp-content\/uploads\/2012\/04\/TECCIALondas3.jpg 566w, http:\/\/teccial.com\/wp-content\/uploads\/2012\/04\/TECCIALondas3-300x75.jpg 300w, http:\/\/teccial.com\/wp-content\/uploads\/2012\/04\/TECCIALondas3-150x37.jpg 150w\" sizes=\"(max-width: 566px) 100vw, 566px\" \/><\/a><\/p>\n","protected":false},"excerpt":{"rendered":"<p>Nuestra soluci\u00f3n DAL PMS USSD CENTER TECCIAL permite ampliar el negocio de las compa\u00f1\u00edas de telefon\u00eda m\u00f3vil a un muy bajo costo, posibilitando desarrollar nuevas [&hellip;]<\/p>\n","protected":false},"author":1,"featured_media":0,"parent":23,"menu_order":1,"comment_status":"closed","ping_status":"closed","template":"","meta":[],"_links":{"self":[{"href":"http:\/\/teccial.com\/teccial\/index.php?rest_route=\/wp\/v2\/pages\/37"}],"collection":[{"href":"http:\/\/teccial.com\/teccial\/index.php?rest_route=\/wp\/v2\/pages"}],"about":[{"href":"http:\/\/teccial.com\/teccial\/index.php?rest_route=\/wp\/v2\/types\/page"}],"author":[{"embeddable":true,"href":"http:\/\/teccial.com\/teccial\/index.php?rest_route=\/wp\/v2\/users\/1"}],"replies":[{"embeddable":true,"href":"http:\/\/teccial.com\/teccial\/index.php?rest_route=%2Fwp%2Fv2%2Fcomments&post=37"}],"version-history":[{"count":3,"href":"http:\/\/teccial.com\/teccial\/index.php?rest_route=\/wp\/v2\/pages\/37\/revisions"}],"predecessor-version":[{"id":395,"href":"http:\/\/teccial.com\/teccial\/index.php?rest_route=\/wp\/v2\/pages\/37\/revisions\/395"}],"up":[{"embeddable":true,"href":"http:\/\/teccial.com\/teccial\/index.php?rest_route=\/wp\/v2\/pages\/23"}],"wp:attachment":[{"href":"http:\/\/teccial.com\/teccial\/index.php?rest_route=%2Fwp%2Fv2%2Fmedia&parent=37"}],"curies":[{"name":"wp","href":"https:\/\/api.w.org\/{rel}","templated":true}]}}