{"id":35,"date":"2012-04-12T05:47:03","date_gmt":"2012-04-12T10:47:03","guid":{"rendered":"http:\/\/www.teccial.com\/teccial\/?page_id=35"},"modified":"2012-04-16T09:59:18","modified_gmt":"2012-04-16T14:59:18","slug":"computadores-a-bordo","status":"publish","type":"page","link":"http:\/\/teccial.com\/teccial\/?page_id=35","title":{"rendered":"Computadores a Bordo"},"content":{"rendered":"<div class=\"textoarticulo\">\n<div style=\"float: left; margin: 0 10px 10px 0;\"><img loading=\"lazy\" src=\"http:\/\/www.teccial.com\/teccial\/wp-content\/themes\/starttica\/images\/ima_paginas\/pag012.png\" alt=\"\" width=\"266\" height=\"220\" \/><\/div>\n<p><strong>Computador Abordo de la Unidad (OBC-T) On Board Computer of Teccial<\/strong><\/p>\n<p>Nuestro equipo inteli<\/p>\n<p>gente OBC se integra a los sistemas a bordo de control logistico del bus y de datos del sistema Electronics es el componente central de los sistemas de control a bordo de sat\u00e9lites con<\/p>\n<p>una<\/p>\n<p>vida \u00fatil de 5 a 10 a\u00f1os.Sobre la base del soporte y mantenimiento, nuestra programaci\u00f3n con dise\u00f1o modular y la aplicaci\u00f3n de nuestra plataforma tecnol\u00f3gica permite adaptarse f\u00e1cilmente a los requisitos individuales de los clientes<\/p>\n<p>el OBC funciona en tiempo real basado en la soluci\u00f3n de gesti\u00f3n telem\u00e1tica para el control de flotas TECCIAL, este ha sido dise\u00f1ado con el fin de lograr la m\u00e1xima funcionalidad para controles logisticos y productividad, as\u00ed tambi\u00e9n puede adaptarse e integrarse a otros sistemas administrativos, financieros, bancarios y de seguridad. Algunos ejemplos de sus funciones: La Informaci\u00f3n del control de logistico, los tiempos productivos de operaci\u00f3n del veh\u00edculo, control de horarios fijos, as\u00ed como las alarmas y exceso de velocidad ::<strong> OBC-T On Board Computer of Teccial.<\/strong><\/p>\n<p style=\"text-align: justify;\"><a href=\"http:\/\/www.teccial.com\/teccial\/wp-content\/uploads\/2012\/04\/TECCIALondas3.jpg\"><img loading=\"lazy\" class=\"alignnone size-full wp-image-341\" title=\"TECCIALondas\" src=\"http:\/\/www.teccial.com\/teccial\/wp-content\/uploads\/2012\/04\/TECCIALondas3.jpg\" alt=\"teccial\" width=\"566\" height=\"143\" srcset=\"http:\/\/teccial.com\/wp-content\/uploads\/2012\/04\/TECCIALondas3.jpg 566w, http:\/\/teccial.com\/wp-content\/uploads\/2012\/04\/TECCIALondas3-300x75.jpg 300w, http:\/\/teccial.com\/wp-content\/uploads\/2012\/04\/TECCIALondas3-150x37.jpg 150w\" sizes=\"(max-width: 566px) 100vw, 566px\" \/><\/a><\/p>\n<\/div>\n","protected":false},"excerpt":{"rendered":"<p>Computador Abordo de la Unidad (OBC-T) On Board Computer of Teccial Nuestro equipo inteli gente OBC se integra a los sistemas a bordo de control [&hellip;]<\/p>\n","protected":false},"author":1,"featured_media":0,"parent":23,"menu_order":1,"comment_status":"closed","ping_status":"closed","template":"","meta":[],"_links":{"self":[{"href":"http:\/\/teccial.com\/teccial\/index.php?rest_route=\/wp\/v2\/pages\/35"}],"collection":[{"href":"http:\/\/teccial.com\/teccial\/index.php?rest_route=\/wp\/v2\/pages"}],"about":[{"href":"http:\/\/teccial.com\/teccial\/index.php?rest_route=\/wp\/v2\/types\/page"}],"author":[{"embeddable":true,"href":"http:\/\/teccial.com\/teccial\/index.php?rest_route=\/wp\/v2\/users\/1"}],"replies":[{"embeddable":true,"href":"http:\/\/teccial.com\/teccial\/index.php?rest_route=%2Fwp%2Fv2%2Fcomments&post=35"}],"version-history":[{"count":4,"href":"http:\/\/teccial.com\/teccial\/index.php?rest_route=\/wp\/v2\/pages\/35\/revisions"}],"predecessor-version":[{"id":346,"href":"http:\/\/teccial.com\/teccial\/index.php?rest_route=\/wp\/v2\/pages\/35\/revisions\/346"}],"up":[{"embeddable":true,"href":"http:\/\/teccial.com\/teccial\/index.php?rest_route=\/wp\/v2\/pages\/23"}],"wp:attachment":[{"href":"http:\/\/teccial.com\/teccial\/index.php?rest_route=%2Fwp%2Fv2%2Fmedia&parent=35"}],"curies":[{"name":"wp","href":"https:\/\/api.w.org\/{rel}","templated":true}]}}