{"id":29,"date":"2012-04-11T18:06:14","date_gmt":"2012-04-11T23:06:14","guid":{"rendered":"http:\/\/www.teccial.com\/teccial\/?page_id=29"},"modified":"2013-01-28T18:47:39","modified_gmt":"2013-01-28T23:47:39","slug":"soluciones","status":"publish","type":"page","link":"http:\/\/teccial.com\/teccial\/?page_id=29","title":{"rendered":"Soluciones"},"content":{"rendered":"<p><div class=\"one_fourth\"><div style=\"margin:0 25px 0 0;\"><br \/>\n<img loading=\"lazy\" src=\"http:\/\/www.teccial.com\/teccial\/wp-content\/uploads\/2012\/04\/ico33_WebTeccial1.png\" alt=\"\" width=\"132\" height=\"58\" \/><\/p>\n<address> <span class=\"men_solu\"><br \/>\n<a href=\"http:\/\/www.teccial.com\/teccial\/?page_id=37\">Comu. Masiva (SMS,USSD)<\/a><br \/>\n<\/span><br \/>\n<\/address>\n<address> <span class=\"men_solu\"><br \/>\n<a href=\"http:\/\/www.teccial.com\/teccial\/?page_id=39\">Comu. Unifi. (IVR, ACR,TTS)<\/a><br \/>\n<\/span><br \/>\n<\/address>\n<address> <span class=\"men_solu\"><br \/>\n<a href=\"http:\/\/www.teccial.com\/teccial\/?page_id=231\">Telemetr\u00eda v\u00eda Radio\/M\u00f3viles<\/a><br \/>\n<\/span><br \/>\n<\/address>\n<p><\/div><\/div><br \/>\n<div class=\"one_fourth\"><div style=\"margin:0 25px 0 0;\"><br \/>\n<img loading=\"lazy\" src=\"http:\/\/www.teccial.com\/teccial\/wp-content\/uploads\/2012\/04\/ico07_WebTeccial.jpg\" alt=\"\" width=\"171\" height=\"62\" \/><\/p>\n<address> <span class=\"men_solu\"><br \/>\n<a href=\"http:\/\/www.teccial.com\/teccial\/?page_id=484\">Caja Com\u00fan\/Recaudo en L\u00ednea<\/a><br \/>\n<\/span><br \/>\n<\/address>\n<address> <span class=\"men_solu\"><br \/>\n<a href=\"http:\/\/www.teccial.com\/teccial\/?page_id=451\">Control Log\u00edstico Inteligente<\/a><br \/>\n<\/span><br \/>\n<\/address>\n<address> <span class=\"men_solu\"><br \/>\n<a href=\"http:\/\/www.teccial.com\/teccial\/?page_id=25\">Cobro con Tarjeta Inteligente<\/a><br \/>\n<\/span><br \/>\n<\/address>\n<p><\/div><\/div><br \/>\n<div class=\"one_fourth\"><div style=\"margin:0 25px 0 0;\"><br \/>\n<img loading=\"lazy\" src=\"http:\/\/www.teccial.com\/teccial\/wp-content\/uploads\/2012\/04\/icogobierno2.png\" alt=\"\" width=\"146\" height=\"45\" \/><\/p>\n<address> <span class=\"men_solu\"><br \/>\n<a href=\"http:\/\/www.teccial.com\/teccial\/?page_id=307\">Administraciones P\u00fablicas<\/a><br \/>\n<\/span><br \/>\n<\/address>\n<address><span class=\"men_solu\"><br \/>\n<a href=\"http:\/\/www.teccial.com\/teccial\/?page_id=307\">Radio Comunicaci\u00f3n Marina<\/a><br \/>\n<\/span><br \/>\n<\/address>\n<address><span class=\"men_solu\"><br \/>\n<a href=\"http:\/\/www.teccial.com\/teccial\/?page_id=307\">Seguridad &#8211; Tel\u00e9fono P\u00e1nico<\/a><br \/>\n<\/span><br \/>\n<\/address>\n<address> <span class=\"men_solu\"><br \/>\n<a href=\"http:\/\/www.teccial.com\/teccial\/?page_id=307\">Seguridad &#8211; Bot\u00f3n P\u00e1nico<\/a><br \/>\n<\/span><br \/>\n<\/address>\n<p><\/div><\/div><br \/>\n<div class=\"one_fourth\"><div style=\"margin:0 25px 0 0;\"><br \/>\n<img loading=\"lazy\" class=\"alignleft size-full wp-image-408\" src=\"http:\/\/www.teccial.com\/teccial\/wp-content\/uploads\/2012\/04\/ico01Telecomunicaciones.jpg\" alt=\"\" width=\"147\" height=\"55\" \/><\/p>\n<address> <span class=\"men_solu\"><br \/>\n<a href=\"http:\/\/www.teccial.com\/teccial\/?page_id=452\">Geolocalizaci\u00f3n Tel\u00e9f M\u00f3v.\/Fijos<\/a><br \/>\n<\/span><br \/>\n<\/address>\n<address> <span class=\"men_solu\"><br \/>\n<a href=\"http:\/\/www.teccial.com\/teccial\/?page_id=658\">Gesti\u00f3n OSS  Redes M\u00f3viles\/IT <\/a><br \/>\n<\/span><br \/>\n<\/address>\n<address> <span class=\"men_solu\"><br \/>\n<a href=\"http:\/\/www.teccial.com\/teccial\/?page_id=675\">Integraci\u00f3n Aplicaciones SMS-C<\/a><br \/>\n<\/span><br \/>\n<\/address>\n<address> <span class=\"men_solu\"><br \/>\n<a href=\"http:\/\/www.teccial.com\/teccial\/?page_id=651\">Gesti\u00f3n NMS Redes m\u00f3viles\/IT<\/a><br \/>\n<\/span><br \/>\n<\/address>\n<p><\/div><\/div><br \/>\n<div class=\"one_fourth\"><div style=\"margin:0 25px 0 0;\"><br \/>\n<img loading=\"lazy\" class=\"alignleft size-full wp-image-441\" src=\"http:\/\/www.teccial.com\/teccial\/wp-content\/uploads\/2012\/04\/ico02_WebTeccial2.jpg\" alt=\"\" width=\"163\" height=\"58\" srcset=\"http:\/\/teccial.com\/wp-content\/uploads\/2012\/04\/ico02_WebTeccial2.jpg 163w, http:\/\/teccial.com\/wp-content\/uploads\/2012\/04\/ico02_WebTeccial2-150x53.jpg 150w\" sizes=\"(max-width: 163px) 100vw, 163px\" \/><\/p>\n<address> <span class=\"men_solu\"><br \/>\n<a href=\"http:\/\/www.teccial.com\/teccial\/?page_id=466\">Sistemas GIS Open Source<\/a><br \/>\n<\/span><br \/>\n<\/address>\n<address> <span class=\"men_solu\"><br \/>\n<a href=\"http:\/\/www.teccial.com\/teccial\/?page_id=557\">Sistemas GIS ESRI<\/a><br \/>\n<\/span><br \/>\n<\/address>\n<address> <span class=\"men_solu\"><br \/>\n<a href=\"http:\/\/www.teccial.com\/teccial\/?page_id=70\">Integradores de sistemas<\/a><br \/>\n<\/span><br \/>\n<\/address>\n<p><\/div><\/div><br \/>\n<div class=\"one_fourth\"><div style=\"margin:0 25px 0 0;\"><br \/>\n<img loading=\"lazy\" class=\"alignleft size-full wp-image-435\" src=\"http:\/\/www.teccial.com\/teccial\/wp-content\/uploads\/2012\/04\/ico04_WebTeccial4.png\" alt=\"\" width=\"164\" height=\"48\" srcset=\"http:\/\/teccial.com\/wp-content\/uploads\/2012\/04\/ico04_WebTeccial4.png 164w, http:\/\/teccial.com\/wp-content\/uploads\/2012\/04\/ico04_WebTeccial4-150x43.png 150w\" sizes=\"(max-width: 164px) 100vw, 164px\" \/><\/p>\n<address> <span class=\"men_solu\"><br \/>\n<a href=\"http:\/\/www.teccial.com\/teccial\/?page_id=493\">C\u00e1maras IP<\/a><br \/>\n<\/span><br \/>\n<\/address>\n<address> <span class=\"men_solu\"><br \/>\n<a href=\"http:\/\/www.teccial.com\/teccial\/?page_id=551\">C\u00e1maras An\u00e1logas M\u00f3viles<\/a><br \/>\n<\/span><br \/>\n<\/address>\n<address> <span class=\"men_solu\"><br \/>\n<a href=\"http:\/\/www.teccial.com\/teccial\/?page_id=80\">Video Streaming\/Conferencia<\/a><br \/>\n<\/span><br \/>\n<\/address>\n<address> <span class=\"men_solu\"><br \/>\n<a href=\"http:\/\/www.teccial.com\/teccial\/?page_id=56\">Sistema Video Inteligente<\/a><br \/>\n<\/span><br \/>\n<\/address>\n<p><\/div><\/div><br \/>\n<div class=\"one_fourth\"><div style=\"margin:0 25px 0 0;\"><br \/>\n<img loading=\"lazy\" src=\"http:\/\/www.teccial.com\/teccial\/wp-content\/uploads\/2012\/04\/ico08_WebTeccial.png\" alt=\"\" width=\"122\" height=\"58\" \/><\/p>\n<address> <span class=\"men_solu\"><br \/>\n<a href=\"http:\/\/www.teccial.com\/teccial\/?page_id=307\">Control Recursos via RFID<\/a><br \/>\n<\/span><br \/>\n<\/address>\n<address> <span class=\"men_solu\"><br \/>\n<a href=\"http:\/\/www.teccial.com\/teccial\/?page_id=307\">Control Despacho de Taxis<\/a><br \/>\n<\/span><br \/>\n<\/address>\n<address> <span class=\"men_solu\"><br \/>\n<a href=\"http:\/\/www.teccial.com\/teccial\/?page_id=307\">Flotas Terrestre, A\u00e9reo y Marino<\/a><br \/>\n<\/span><br \/>\n<\/address>\n<p><\/div><\/div><br \/>\n<div class=\"one_fourth\"><div style=\"margin:0 25px 0 0;\"><br \/>\n<img loading=\"lazy\" class=\"alignleft size-full wp-image-437\" src=\"http:\/\/www.teccial.com\/teccial\/wp-content\/uploads\/2012\/04\/icotelemdica.png\" alt=\"\" width=\"144\" height=\"65\" \/><\/p>\n<address> <span class=\"men_solu\"><br \/>\n<a href=\"http:\/\/www.teccial.com\/teccial\/?page_id=579\">Telemedicina<\/a><br \/>\n<\/span><br \/>\n<\/address>\n<address> <span class=\"men_solu\"><br \/>\n<a href=\"http:\/\/www.teccial.com\/teccial\/?page_id=307\">Teleradiolog\u00eda &#8211; XRay Remote<\/a><br \/>\n<\/span><br \/>\n<\/address>\n<address> <span class=\"men_solu\"><br \/>\n<a href=\"http:\/\/www.teccial.com\/teccial\/?page_id=41\">Control Pacientes\/Equipos v\u00eda RFID<\/a><br \/>\n<\/span><br \/>\n<\/address>\n<address> <span class=\"men_solu\"><br \/>\n<a href=\"http:\/\/www.teccial.com\/teccial\/?page_id=307\">Telesonograf\u00eda\/telecirug\u00eda\/telediagn\u00f3stico<\/a><br \/>\n<\/span><br \/>\n<\/address>\n<p><\/div><\/div><br \/>\n<div class=\"one_fourth\"><div style=\"margin:0 25px 0 0;\"><br \/>\n<img loading=\"lazy\" class=\"alignleft size-full wp-image-443\" src=\"http:\/\/www.teccial.com\/teccial\/wp-content\/uploads\/2012\/04\/ico02_WebTeccial3.jpg\" alt=\"\" width=\"163\" height=\"58\" srcset=\"http:\/\/teccial.com\/wp-content\/uploads\/2012\/04\/ico02_WebTeccial3.jpg 163w, http:\/\/teccial.com\/wp-content\/uploads\/2012\/04\/ico02_WebTeccial3-150x53.jpg 150w\" sizes=\"(max-width: 163px) 100vw, 163px\" \/><\/p>\n<address> <span class=\"men_solu\"><br \/>\n<a href=\"http:\/\/www.teccial.com\/teccial\/?page_id=243\">SCADA Control Supervici\u00f3n<\/a><br \/>\n<\/span><br \/>\n<\/address>\n<p><\/div><\/div><br \/>\n<div class=\"one_fourth\"><div style=\"margin:0 25px 0 0;\"><br \/>\n<img loading=\"lazy\" class=\"alignnone size-full wp-image-367\" title=\"TECCIAenerg\u00eda\" src=\"http:\/\/www.teccial.com\/teccial\/wp-content\/uploads\/2012\/04\/TECCIAenerg\u00eda.png\" alt=\"\" width=\"129\" height=\"58\" \/><\/p>\n<address> <span class=\"men_solu\"><br \/>\n<a href=\"http:\/\/www.teccial.com\/teccial\/?page_id=307\">Bater\u00edas Solares<\/a><br \/>\n<\/span><br \/>\n<\/address>\n<address> <span class=\"men_solu\"><br \/>\n<a href=\"http:\/\/www.teccial.com\/teccial\/?page_id=457\">Soluciones Solares Fotovolt\u00e1icas<\/a><br \/>\n<\/span><br \/>\n<\/address>\n<p><\/div><\/div><br \/>\n<div class=\"one_fourth\"><div style=\"margin:0 25px 0 0;\"><br \/>\n<img loading=\"lazy\" class=\"alignnone size-full wp-image-369\" title=\"ico34_WebTeccial\" src=\"http:\/\/www.teccial.com\/teccial\/wp-content\/uploads\/2012\/04\/ico34_WebTeccial.jpg\" alt=\"\" width=\"141\" height=\"58\" \/><\/p>\n<address> <span class=\"men_solu\"><a href=\"http:\/\/www.teccial.com\/teccial\/?page_id=63\">Automatismos Industriales<\/a><br \/>\n<\/span><br \/>\n<\/address>\n<p><\/div><\/div><br \/>\n<div class=\"one_fourth\"><div style=\"margin:0 25px 0 0;\"><br \/>\n<img loading=\"lazy\" class=\"alignnone size-full wp-image-371\" title=\"icoseguridad\" src=\"http:\/\/www.teccial.com\/teccial\/wp-content\/uploads\/2012\/04\/icoseguridad1.png\" alt=\"\" width=\"141\" height=\"64\" \/><\/p>\n<address> <span class=\"men_solu\"><br \/>\n<a href=\"http:\/\/www.teccial.com\/teccial\/?page_id=200\">Seguridad Veh\u00edcular<\/a><br \/>\n<\/span><br \/>\n<\/address>\n<address> <span class=\"men_solu\"><br \/>\n<a href=\"http:\/\/www.teccial.com\/teccial\/?page_id=221\">Dom\u00f3tica Residencial<\/a><br \/>\n<\/span><br \/>\n<\/address>\n<p><\/div><\/div><\/p>\n","protected":false},"excerpt":{"rendered":"","protected":false},"author":1,"featured_media":0,"parent":0,"menu_order":0,"comment_status":"open","ping_status":"open","template":"page-blank.php","meta":[],"_links":{"self":[{"href":"http:\/\/teccial.com\/teccial\/index.php?rest_route=\/wp\/v2\/pages\/29"}],"collection":[{"href":"http:\/\/teccial.com\/teccial\/index.php?rest_route=\/wp\/v2\/pages"}],"about":[{"href":"http:\/\/teccial.com\/teccial\/index.php?rest_route=\/wp\/v2\/types\/page"}],"author":[{"embeddable":true,"href":"http:\/\/teccial.com\/teccial\/index.php?rest_route=\/wp\/v2\/users\/1"}],"replies":[{"embeddable":true,"href":"http:\/\/teccial.com\/teccial\/index.php?rest_route=%2Fwp%2Fv2%2Fcomments&post=29"}],"version-history":[{"count":116,"href":"http:\/\/teccial.com\/teccial\/index.php?rest_route=\/wp\/v2\/pages\/29\/revisions"}],"predecessor-version":[{"id":681,"href":"http:\/\/teccial.com\/teccial\/index.php?rest_route=\/wp\/v2\/pages\/29\/revisions\/681"}],"wp:attachment":[{"href":"http:\/\/teccial.com\/teccial\/index.php?rest_route=%2Fwp%2Fv2%2Fmedia&parent=29"}],"curies":[{"name":"wp","href":"https:\/\/api.w.org\/{rel}","templated":true}]}}