{"id":278,"date":"2012-04-14T09:49:58","date_gmt":"2012-04-14T14:49:58","guid":{"rendered":"http:\/\/www.teccial.com\/teccial\/?page_id=278"},"modified":"2012-04-16T09:57:53","modified_gmt":"2012-04-16T14:57:53","slug":"consultoria","status":"publish","type":"page","link":"http:\/\/teccial.com\/teccial\/?page_id=278","title":{"rendered":"Consultor\u00eda"},"content":{"rendered":"<p style=\"text-align: justify;\"><a href=\"http:\/\/www.teccial.com\/teccial\/wp-content\/uploads\/2012\/04\/Teccialcorpo2.jpg\"><img loading=\"lazy\" class=\"alignleft size-full wp-image-279\" title=\"Teccialcorpo2\" src=\"http:\/\/www.teccial.com\/teccial\/wp-content\/uploads\/2012\/04\/Teccialcorpo2.jpg\" alt=\"\" width=\"276\" height=\"273\" srcset=\"http:\/\/teccial.com\/wp-content\/uploads\/2012\/04\/Teccialcorpo2.jpg 437w, http:\/\/teccial.com\/wp-content\/uploads\/2012\/04\/Teccialcorpo2-300x297.jpg 300w, http:\/\/teccial.com\/wp-content\/uploads\/2012\/04\/Teccialcorpo2-150x148.jpg 150w\" sizes=\"(max-width: 276px) 100vw, 276px\" \/><\/a><\/p>\n<p style=\"text-align: justify;\"><strong>Nuestros servicios de consultor\u00eda telem\u00e1tica <\/strong><strong> <\/strong> m\u00e1ximiza el retorno sobre la inversi\u00f3n a trav\u00e9s de la racionalizaci\u00f3n de negocio y la gesti\u00f3n operativa integrada.<\/p>\n<p style=\"text-align: justify;\">Los servicios de consultor\u00eda de TECCIAL \u00ae Nuestro objetivo es capacitar y ayudar a las empresas a reducir el impacto financiero  significativo mediante la  evaluaci\u00f3n y planificaci\u00f3n tecnol\u00f3gica, reduciendo costos  de capital;   es  importante contar con la visibilidad, la medici\u00f3n y reporte del  desempe\u00f1o de productividad<\/p>\n<p style=\"text-align: justify;\">Nuestro enfoque de consultor\u00eda estrat\u00e9gica para  la integraci\u00f3n de soluciones telem\u00e1ticas aplicadas capturan\u00a0 datos para  informar y permitir toma de decisiones estrat\u00e9gicas.<\/p>\n<p>&nbsp;<\/p>\n<p style=\"text-align: justify;\">TECCIAL\u00a0 es l\u00edder en ayudar a los proveedores de servicios y  empresas obtener una ventaja competitiva importante a trav\u00e9s del uso de  las tecnolog\u00edas que mejor se adapten a sus necesidades.<\/p>\n<p style=\"text-align: justify;\">Hoy en d\u00eda el panorama de las telecomunicaciones se encuentra en medio de algunos  cambios importantes que est\u00e1n transformando la industria.   Operadores de telefon\u00eda fija se enfrentan a una desaceleraci\u00f3n de los  flujos de ingresos, mientras que contin\u00faa invirtiendo en nuevas  tecnolog\u00edas para seguir siendo rentable y que permite ofertas atractivas  de los clientes, y la lucha contra la amenaza de las nuevas tecnolog\u00edas  de banda ancha inal\u00e1mbrica, por ejemplo, penetrar los mercados de l\u00ednea  fija tradicional.   En todo el mundo los operadores m\u00f3viles tambi\u00e9n sienten el esfuerzo de  la situaci\u00f3n competitiva feroz, poniendo sus fuentes de ingresos bajo  presi\u00f3n, mientras que el aumento de la demanda de inversiones para  mantener su atractivo y competitivo.<\/p>\n<p style=\"text-align: justify;\">Basados \u200b\u200ben nuestra amplia experiencia, nuestro enfoque est\u00e1  estructurado para reflejar las interdependencias de los \u00faltimos  protocolos e interfaces necesarias para ofrecer soluciones integradas.   Ayudamos a los clientes navegar por las opciones tecnol\u00f3gicas como  relevantes para las capas de red espec\u00edficos que reflejen la estrategia  (dise\u00f1o e integraci\u00f3n con la estrategia de negocio para asegurar el  m\u00e1ximo beneficio de las tecnolog\u00edas), aplicaciones, redes, seguridad y  cumplimiento, gesti\u00f3n de programas.  Para ello nuestro asesoramiento t\u00e9cnico abarca\u00a0 tecnolog\u00edas innovadoras.<\/p>\n<p style=\"text-align: justify;\"><a href=\"http:\/\/www.teccial.com\/teccial\/wp-content\/uploads\/2012\/04\/TECCIALondas3.jpg\"><img loading=\"lazy\" class=\"alignnone size-full wp-image-341\" title=\"TECCIALondas\" src=\"http:\/\/www.teccial.com\/teccial\/wp-content\/uploads\/2012\/04\/TECCIALondas3.jpg\" alt=\"teccial\" width=\"566\" height=\"143\" srcset=\"http:\/\/teccial.com\/wp-content\/uploads\/2012\/04\/TECCIALondas3.jpg 566w, http:\/\/teccial.com\/wp-content\/uploads\/2012\/04\/TECCIALondas3-300x75.jpg 300w, http:\/\/teccial.com\/wp-content\/uploads\/2012\/04\/TECCIALondas3-150x37.jpg 150w\" sizes=\"(max-width: 566px) 100vw, 566px\" \/><\/a><\/p>\n","protected":false},"excerpt":{"rendered":"<p>Nuestros servicios de consultor\u00eda telem\u00e1tica m\u00e1ximiza el retorno sobre la inversi\u00f3n a trav\u00e9s de la racionalizaci\u00f3n de negocio y la gesti\u00f3n operativa integrada. Los servicios [&hellip;]<\/p>\n","protected":false},"author":1,"featured_media":0,"parent":0,"menu_order":0,"comment_status":"open","ping_status":"open","template":"","meta":[],"_links":{"self":[{"href":"http:\/\/teccial.com\/teccial\/index.php?rest_route=\/wp\/v2\/pages\/278"}],"collection":[{"href":"http:\/\/teccial.com\/teccial\/index.php?rest_route=\/wp\/v2\/pages"}],"about":[{"href":"http:\/\/teccial.com\/teccial\/index.php?rest_route=\/wp\/v2\/types\/page"}],"author":[{"embeddable":true,"href":"http:\/\/teccial.com\/teccial\/index.php?rest_route=\/wp\/v2\/users\/1"}],"replies":[{"embeddable":true,"href":"http:\/\/teccial.com\/teccial\/index.php?rest_route=%2Fwp%2Fv2%2Fcomments&post=278"}],"version-history":[{"count":14,"href":"http:\/\/teccial.com\/teccial\/index.php?rest_route=\/wp\/v2\/pages\/278\/revisions"}],"predecessor-version":[{"id":343,"href":"http:\/\/teccial.com\/teccial\/index.php?rest_route=\/wp\/v2\/pages\/278\/revisions\/343"}],"wp:attachment":[{"href":"http:\/\/teccial.com\/teccial\/index.php?rest_route=%2Fwp%2Fv2%2Fmedia&parent=278"}],"curies":[{"name":"wp","href":"https:\/\/api.w.org\/{rel}","templated":true}]}}