{"id":25,"date":"2012-04-11T17:48:07","date_gmt":"2012-04-11T22:48:07","guid":{"rendered":"http:\/\/www.teccial.com\/teccial\/?page_id=25"},"modified":"2012-04-16T12:02:58","modified_gmt":"2012-04-16T17:02:58","slug":"cobro-de-pasaje-transporte-publico","status":"publish","type":"page","link":"http:\/\/teccial.com\/teccial\/?page_id=25","title":{"rendered":"Cobro de Pasaje Transporte P\u00fablico"},"content":{"rendered":"<div class=\"textoarticulo\">\n<div style=\"float: left; margin: 0 10px 10px 0;\"><img loading=\"lazy\" src=\"http:\/\/www.teccial.com\/teccial\/wp-content\/themes\/starttica\/images\/ima_paginas\/pag011.png\" alt=\"\" width=\"298\" height=\"260\" \/><\/div>\n<p><span style=\"font-weight: bold;\">Cobro del pasaje del bus con el tel\u00e9fono m\u00f3vil<\/span><\/p>\n<p>es un Su tama\u00f1o, versatilidad y funcionamiento es el dispositivo ideal para el cobro de transporte en autobuses urbanos.<\/p>\n<p>Tiempo de cobro de 8 milisegundos<\/p>\n<p>Expide boletos con informaci\u00f3n detallada del operador, la unidad, la ruta, parada, destino, fecha, hora, precio e informaci\u00f3n al usurario.<\/p>\n<p>&nbsp;<\/p>\n<p><strong>Caracteristicas:<\/strong><\/p>\n<p>Pago del pasaje, imprime el tickets, Seguridad, velocidad del lector, escalabilidad, configurable y programable.<\/p>\n<\/div>\n<div id=\"_mcePaste\" class=\"mcePaste\" style=\"position: absolute; left: -10000px; top: 0px; width: 1px; height: 1px; overflow: hidden;\">\n<h1 class=\"entry-heading\"><a title=\"Permanent Link: Paga el billete del bus con el tel\u00e9fono m\u00f3vil\" rel=\"bookmark\" href=\"http:\/\/www.techpuntocero.com\/2012\/03\/12\/paga-el-billete-del-bus-con-el-telefono-movil\/\">Paga el billete del bus con el tel\u00e9fono m\u00f3vil <\/a><\/h1>\n<\/div>\n<p style=\"text-align: justify;\"><a href=\"http:\/\/www.teccial.com\/teccial\/wp-content\/uploads\/2012\/04\/TECCIALondas3.jpg\"><img loading=\"lazy\" class=\"alignnone size-full wp-image-341\" title=\"TECCIALondas\" src=\"http:\/\/www.teccial.com\/teccial\/wp-content\/uploads\/2012\/04\/TECCIALondas3.jpg\" alt=\"teccial\" width=\"566\" height=\"143\" srcset=\"http:\/\/teccial.com\/wp-content\/uploads\/2012\/04\/TECCIALondas3.jpg 566w, http:\/\/teccial.com\/wp-content\/uploads\/2012\/04\/TECCIALondas3-300x75.jpg 300w, http:\/\/teccial.com\/wp-content\/uploads\/2012\/04\/TECCIALondas3-150x37.jpg 150w\" sizes=\"(max-width: 566px) 100vw, 566px\" \/><\/a><\/p>\n","protected":false},"excerpt":{"rendered":"<p>Cobro del pasaje del bus con el tel\u00e9fono m\u00f3vil es un Su tama\u00f1o, versatilidad y funcionamiento es el dispositivo ideal para el cobro de transporte [&hellip;]<\/p>\n","protected":false},"author":1,"featured_media":0,"parent":23,"menu_order":1,"comment_status":"closed","ping_status":"closed","template":"","meta":[],"_links":{"self":[{"href":"http:\/\/teccial.com\/teccial\/index.php?rest_route=\/wp\/v2\/pages\/25"}],"collection":[{"href":"http:\/\/teccial.com\/teccial\/index.php?rest_route=\/wp\/v2\/pages"}],"about":[{"href":"http:\/\/teccial.com\/teccial\/index.php?rest_route=\/wp\/v2\/types\/page"}],"author":[{"embeddable":true,"href":"http:\/\/teccial.com\/teccial\/index.php?rest_route=\/wp\/v2\/users\/1"}],"replies":[{"embeddable":true,"href":"http:\/\/teccial.com\/teccial\/index.php?rest_route=%2Fwp%2Fv2%2Fcomments&post=25"}],"version-history":[{"count":3,"href":"http:\/\/teccial.com\/teccial\/index.php?rest_route=\/wp\/v2\/pages\/25\/revisions"}],"predecessor-version":[{"id":399,"href":"http:\/\/teccial.com\/teccial\/index.php?rest_route=\/wp\/v2\/pages\/25\/revisions\/399"}],"up":[{"embeddable":true,"href":"http:\/\/teccial.com\/teccial\/index.php?rest_route=\/wp\/v2\/pages\/23"}],"wp:attachment":[{"href":"http:\/\/teccial.com\/teccial\/index.php?rest_route=%2Fwp%2Fv2%2Fmedia&parent=25"}],"curies":[{"name":"wp","href":"https:\/\/api.w.org\/{rel}","templated":true}]}}