{"id":243,"date":"2012-04-14T08:42:35","date_gmt":"2012-04-14T13:42:35","guid":{"rendered":"http:\/\/www.teccial.com\/teccial\/?page_id=243"},"modified":"2012-04-16T12:02:09","modified_gmt":"2012-04-16T17:02:09","slug":"scada-control-y-supervision","status":"publish","type":"page","link":"http:\/\/teccial.com\/teccial\/?page_id=243","title":{"rendered":"SCADA Control y supervisi\u00f3n"},"content":{"rendered":"<div style=\"text-align: justify;\"><strong><a href=\"http:\/\/www.teccial.com\/teccial\/wp-content\/uploads\/2012\/04\/Teccialagro.jpg\"><img loading=\"lazy\" class=\"alignleft size-full wp-image-248\" title=\"Teccialagro\" src=\"http:\/\/www.teccial.com\/teccial\/wp-content\/uploads\/2012\/04\/Teccialagro.jpg\" alt=\"\" width=\"250\" height=\"202\" srcset=\"http:\/\/teccial.com\/wp-content\/uploads\/2012\/04\/Teccialagro.jpg 250w, http:\/\/teccial.com\/wp-content\/uploads\/2012\/04\/Teccialagro-150x121.jpg 150w\" sizes=\"(max-width: 250px) 100vw, 250px\" \/><\/a>ACUACULTURA Y AGRICULTURA<\/strong><\/div>\n<div style=\"text-align: justify;\">Sensores de \u00faltima tecnolog\u00eda incorporados al  sistema GPS de posicionamiento global han sido desarrollado para  onteligenciar y facilitar el manejos de \u00e1reas y par\u00e1metros sensibles en  la industria agr\u00edcola y acuacultura (camaron y tilapia), tanto en la  fase de producci\u00f3n como en la de transportaci\u00f3n. En la fase de  producci\u00f3n el operador podra controlar f\u00e1cilmente los cambios que ocuren  en la piscinas o fincas, respecto a factores como: temperatura, ph,   salinidad, oxigeno, nivel de agua y adem\u00e1s que inciden directamente en  la toma de decisiones.&nbsp;<\/p>\n<p>As\u00ed mismo durante el transporte ser\u00e1  factible controlar la temperatura que debe mantener la carga y hasta el  peso que transporta desde la finca hasta la plante de proceso. habilita  tambien el control de emanaci\u00f3n de gases t\u00f3xicos en la plante de proceso  as\u00ed como el control de temperaturas en los respectivos t\u00faneles y  c\u00e1maras de mantenimiento para evitar ingentes p\u00e9rdidas cuando exista  fallas no detectadas a tiempo.<\/p>\n<\/div>\n<h1>SCADA-T Solutions \u00ae<\/h1>\n<p style=\"text-align: justify;\">Nuestra soluci\u00f3n de Automaci\u00f3n y Sistemas Integrales para el control de maquinarias es aplicada\u00a0                          en variadas tipolog\u00edas de m\u00e1quinas y aplicaciones para                          equipos que se extiende desde soluciones b\u00e1sicas de                          arranque de motores hasta la compleja automatizaci\u00f3n de                          maquinaria de producci\u00f3n.<\/p>\n<div>Por ello nuestras soluciones generan:<\/div>\n<div><span style=\"text-decoration: underline;\"> <\/span><\/div>\n<ul>\n<li><strong> Calidad<span style=\"color: #ffffff;\">&#8230;&#8230;&#8230;&#8230;&#8230;&#8230;. ..<\/span>:<\/strong><span style=\"color: #ffffff;\">&#8230;.<\/span>Aportan valor a\u00f1adido a sus m\u00e1quinarias.<\/li>\n<li> <strong>Seguridad<span style=\"color: #ffffff;\">&#8230;&#8230;&#8230;&#8230;&#8230;..<\/span>:<\/strong><span style=\"color: #ffffff;\">&#8230;.<\/span>Protegen a las m\u00e1quinarias y a sus colaboradores.<\/li>\n<li> <strong>Productividad<span style=\"color: #ffffff;\">&#8230;&#8230;&#8230;..<\/span>:<\/strong><span style=\"color: #ffffff;\">&#8230;.<\/span>Optimizan la operaci\u00f3n.<\/li>\n<li><strong> Fiabilidad<span style=\"color: #ffffff;\">&#8230;&#8230;&#8230;&#8230;&#8230; ..<\/span>:<\/strong><span style=\"color: #ffffff;\">&#8230;.<\/span>Mejoran las prestaciones de sus m\u00e1quinarias.<\/li>\n<li><strong> Efectividad<span style=\"color: #ffffff;\">&#8230;&#8230;&#8230;&#8230;&#8230;<\/span>:<\/strong><span style=\"color: #ffffff;\">&#8230;.<\/span>Proporcionan soluciones \u00f3ptimas autosustentables.<\/li>\n<\/ul>\n<div>Toda nuestras soluciones se basan en tecnolog\u00eda microcontrolada, que permite implementar automatismos a muy bajo costo.<\/div>\n<div><span style=\"color: #ffffff;\">&#8230;&#8230;&#8230;&#8230;.<\/span><\/div>\n<div><a href=\"http:\/\/www.teccial.com\/teccial\/wp-content\/uploads\/2012\/04\/Teccialscada1.jpg\"><img loading=\"lazy\" class=\"alignleft size-full wp-image-247\" title=\"Teccialscada\" src=\"http:\/\/www.teccial.com\/teccial\/wp-content\/uploads\/2012\/04\/Teccialscada1.jpg\" alt=\"\" width=\"163\" height=\"242\" \/><\/a><\/div>\n<div><strong>Somos especialistas:<\/strong><\/div>\n<div>\n<ul>\n<li>Asesoramiento en la implementacion de Sistemas de Automatizacion.<\/li>\n<li>Ingenieria de Software y Desarrollo de Sistemas para Control, Supervizacion y Adquisicion de Datos.<\/li>\n<li>Desarrollo de Software Industrial (Programacion de: PLC, Paneles de Operacion, Servo Motores, etc)<\/li>\n<li>Dise\u00f1o, Armado e Instalacion de Tableros Electricos de Control y Potencia.<\/li>\n<li>Actualizacion Tecnologica de Maquinas. Retrofitting de Maquinas.<\/li>\n<li>Asistencia Tecnica en la Instalacion y Puesta en Marcha de Maquinas y Sistemas de Proceso.<\/li>\n<\/ul>\n<p>&nbsp;<\/p>\n<p>&nbsp;<\/p>\n<p>&nbsp;<\/p>\n<\/div>\n<p style=\"text-align: justify;\"><a href=\"http:\/\/www.teccial.com\/teccial\/wp-content\/uploads\/2012\/04\/TECCIALondas3.jpg\"><img loading=\"lazy\" class=\"alignnone size-full wp-image-341\" title=\"TECCIALondas\" src=\"http:\/\/www.teccial.com\/teccial\/wp-content\/uploads\/2012\/04\/TECCIALondas3.jpg\" alt=\"teccial\" width=\"566\" height=\"143\" srcset=\"http:\/\/teccial.com\/wp-content\/uploads\/2012\/04\/TECCIALondas3.jpg 566w, http:\/\/teccial.com\/wp-content\/uploads\/2012\/04\/TECCIALondas3-300x75.jpg 300w, http:\/\/teccial.com\/wp-content\/uploads\/2012\/04\/TECCIALondas3-150x37.jpg 150w\" sizes=\"(max-width: 566px) 100vw, 566px\" \/><\/a><\/p>\n","protected":false},"excerpt":{"rendered":"<p>ACUACULTURA Y AGRICULTURA Sensores de \u00faltima tecnolog\u00eda incorporados al sistema GPS de posicionamiento global han sido desarrollado para onteligenciar y facilitar el manejos de \u00e1reas [&hellip;]<\/p>\n","protected":false},"author":1,"featured_media":0,"parent":29,"menu_order":0,"comment_status":"open","ping_status":"open","template":"","meta":[],"_links":{"self":[{"href":"http:\/\/teccial.com\/teccial\/index.php?rest_route=\/wp\/v2\/pages\/243"}],"collection":[{"href":"http:\/\/teccial.com\/teccial\/index.php?rest_route=\/wp\/v2\/pages"}],"about":[{"href":"http:\/\/teccial.com\/teccial\/index.php?rest_route=\/wp\/v2\/types\/page"}],"author":[{"embeddable":true,"href":"http:\/\/teccial.com\/teccial\/index.php?rest_route=\/wp\/v2\/users\/1"}],"replies":[{"embeddable":true,"href":"http:\/\/teccial.com\/teccial\/index.php?rest_route=%2Fwp%2Fv2%2Fcomments&post=243"}],"version-history":[{"count":24,"href":"http:\/\/teccial.com\/teccial\/index.php?rest_route=\/wp\/v2\/pages\/243\/revisions"}],"predecessor-version":[{"id":398,"href":"http:\/\/teccial.com\/teccial\/index.php?rest_route=\/wp\/v2\/pages\/243\/revisions\/398"}],"up":[{"embeddable":true,"href":"http:\/\/teccial.com\/teccial\/index.php?rest_route=\/wp\/v2\/pages\/29"}],"wp:attachment":[{"href":"http:\/\/teccial.com\/teccial\/index.php?rest_route=%2Fwp%2Fv2%2Fmedia&parent=243"}],"curies":[{"name":"wp","href":"https:\/\/api.w.org\/{rel}","templated":true}]}}