{"id":231,"date":"2012-04-14T05:53:05","date_gmt":"2012-04-14T10:53:05","guid":{"rendered":"http:\/\/www.teccial.com\/teccial\/?page_id=231"},"modified":"2012-04-16T09:06:15","modified_gmt":"2012-04-16T14:06:15","slug":"telemetria-via-radiomoviles","status":"publish","type":"page","link":"http:\/\/teccial.com\/teccial\/?page_id=231","title":{"rendered":"Telemetr\u00eda v\u00eda Radio\/M\u00f3viles"},"content":{"rendered":"<p style=\"text-align: justify;\"><a href=\"http:\/\/www.teccial.com\/teccial\/wp-content\/uploads\/2012\/04\/Teccialtelemetria.jpg\"><img loading=\"lazy\" class=\"alignleft size-full wp-image-232\" title=\"Teccialtelemetria\" src=\"http:\/\/www.teccial.com\/teccial\/wp-content\/uploads\/2012\/04\/Teccialtelemetria.jpg\" alt=\"telemetria\" width=\"270\" height=\"305\" srcset=\"http:\/\/teccial.com\/wp-content\/uploads\/2012\/04\/Teccialtelemetria.jpg 270w, http:\/\/teccial.com\/wp-content\/uploads\/2012\/04\/Teccialtelemetria-265x300.jpg 265w, http:\/\/teccial.com\/wp-content\/uploads\/2012\/04\/Teccialtelemetria-150x169.jpg 150w\" sizes=\"(max-width: 270px) 100vw, 270px\" \/><\/a><strong>Nuestros sistema<\/strong>s  est\u00e1n dise\u00f1ados para soportar  soluciones de telemetr\u00eda y telecontrol, lo que va a permitir realizar el  control del estado de m\u00e1quinas (industriales, estaciones  meteorol\u00f3gicas, aforadoras de tr\u00e1fico&#8230;), y realizar telecontrol  (v\u00e1lvulas, compuertas, alarmas&#8230;). Todo esto con el objetivo de tener  conexi\u00f3n y control con elementos remotos.<\/p>\n<p style=\"text-align: justify;\">Disponemos de un software embarcado para captura  de datos digitales, anal\u00f3gicos, serie y bus CAN. El software existente  insertar\u00e1 en base de datos de forma periodica cualquier valor que se  capture, sin necesidad de desarrollos adicionales en la mayor\u00eda de los  casos.<\/p>\n<p style=\"text-align: justify;\">&nbsp;<\/p>\n<p style=\"text-align: justify;\">&nbsp;<\/p>\n<p style=\"text-align: justify;\">&nbsp;<\/p>\n<p><a href=\"http:\/\/www.teccial.com\/teccial\/wp-content\/uploads\/2012\/04\/Tecciallogo.jpg\"><img loading=\"lazy\" class=\"size-full wp-image-274 aligncenter\" title=\"Tecciallogo\" src=\"http:\/\/www.teccial.com\/teccial\/wp-content\/uploads\/2012\/04\/Tecciallogo.jpg\" alt=\"\" width=\"237\" height=\"108\" srcset=\"http:\/\/teccial.com\/wp-content\/uploads\/2012\/04\/Tecciallogo.jpg 237w, http:\/\/teccial.com\/wp-content\/uploads\/2012\/04\/Tecciallogo-150x68.jpg 150w\" sizes=\"(max-width: 237px) 100vw, 237px\" \/><\/a><\/p>\n<p>&nbsp;<\/p>\n<p>&nbsp;<\/p>\n<p style=\"text-align: justify;\"><strong>D\u00f3nde lo utilizamos?<\/strong><\/p>\n<blockquote><p>Aut\u00f3matas (riegos, compuertas&#8230;)<br \/>\nContadores de gas, de agua&#8230;<br \/>\nGeneradores, aerogeneradores&#8230;<br \/>\nPozos, presas, embalses&#8230;<br \/>\nF\u00e1bricas, plantas de energ\u00eda&#8230;<br \/>\nEdificaciones Inteligentes..<br \/>\nSeguridad &amp; Alarmas..<br \/>\nAcuacultura &amp; Agricultura..<\/p><\/blockquote>\n<p>y en general en cualquier sitio en donde se necesite comunicar un sensor o una m\u00e1quina con el centro de control.<\/p>\n<p><a href=\"http:\/\/www.teccial.com\/teccial\/wp-content\/uploads\/2012\/04\/Teccialscada21.jpg\"><img loading=\"lazy\" class=\"size-full wp-image-259 aligncenter\" title=\"Teccialscada2\" src=\"http:\/\/www.teccial.com\/teccial\/wp-content\/uploads\/2012\/04\/Teccialscada21.jpg\" alt=\"\" width=\"316\" height=\"236\" srcset=\"http:\/\/teccial.com\/wp-content\/uploads\/2012\/04\/Teccialscada21.jpg 600w, http:\/\/teccial.com\/wp-content\/uploads\/2012\/04\/Teccialscada21-300x224.jpg 300w, http:\/\/teccial.com\/wp-content\/uploads\/2012\/04\/Teccialscada21-150x112.jpg 150w\" sizes=\"(max-width: 316px) 100vw, 316px\" \/><\/a><\/p>\n","protected":false},"excerpt":{"rendered":"<p>Nuestros sistemas est\u00e1n dise\u00f1ados para soportar soluciones de telemetr\u00eda y telecontrol, lo que va a permitir realizar el control del estado de m\u00e1quinas (industriales, estaciones [&hellip;]<\/p>\n","protected":false},"author":1,"featured_media":0,"parent":29,"menu_order":1,"comment_status":"open","ping_status":"open","template":"","meta":[],"_links":{"self":[{"href":"http:\/\/teccial.com\/teccial\/index.php?rest_route=\/wp\/v2\/pages\/231"}],"collection":[{"href":"http:\/\/teccial.com\/teccial\/index.php?rest_route=\/wp\/v2\/pages"}],"about":[{"href":"http:\/\/teccial.com\/teccial\/index.php?rest_route=\/wp\/v2\/types\/page"}],"author":[{"embeddable":true,"href":"http:\/\/teccial.com\/teccial\/index.php?rest_route=\/wp\/v2\/users\/1"}],"replies":[{"embeddable":true,"href":"http:\/\/teccial.com\/teccial\/index.php?rest_route=%2Fwp%2Fv2%2Fcomments&post=231"}],"version-history":[{"count":7,"href":"http:\/\/teccial.com\/teccial\/index.php?rest_route=\/wp\/v2\/pages\/231\/revisions"}],"predecessor-version":[{"id":318,"href":"http:\/\/teccial.com\/teccial\/index.php?rest_route=\/wp\/v2\/pages\/231\/revisions\/318"}],"up":[{"embeddable":true,"href":"http:\/\/teccial.com\/teccial\/index.php?rest_route=\/wp\/v2\/pages\/29"}],"wp:attachment":[{"href":"http:\/\/teccial.com\/teccial\/index.php?rest_route=%2Fwp%2Fv2%2Fmedia&parent=231"}],"curies":[{"name":"wp","href":"https:\/\/api.w.org\/{rel}","templated":true}]}}