{"id":214,"date":"2012-04-13T21:50:53","date_gmt":"2012-04-14T02:50:53","guid":{"rendered":"http:\/\/www.teccial.com\/teccial\/?page_id=214"},"modified":"2012-04-16T11:51:07","modified_gmt":"2012-04-16T16:51:07","slug":"recuperacion-vehicular","status":"publish","type":"page","link":"http:\/\/teccial.com\/teccial\/?page_id=214","title":{"rendered":"Recuperaci\u00f3n Veh\u00edcular"},"content":{"rendered":"<p style=\"text-align: justify;\"><a href=\"http:\/\/www.teccial.com\/teccial\/wp-content\/uploads\/2012\/04\/TeccialSAT.jpg\"><img loading=\"lazy\" class=\"alignleft size-full wp-image-215\" title=\"TeccialSAT\" src=\"http:\/\/www.teccial.com\/teccial\/wp-content\/uploads\/2012\/04\/TeccialSAT.jpg\" alt=\"\" width=\"203\" height=\"187\" srcset=\"http:\/\/teccial.com\/wp-content\/uploads\/2012\/04\/TeccialSAT.jpg 203w, http:\/\/teccial.com\/wp-content\/uploads\/2012\/04\/TeccialSAT-150x138.jpg 150w\" sizes=\"(max-width: 203px) 100vw, 203px\" \/><\/a><strong>Nuestro soluci\u00f3n <\/strong><strong>FASTSEEKER<\/strong> \u00ae\u00a0<strong> de\u00a0 recuperaci\u00f3n vehicular<\/strong> se soporta en un moderno sistema telem\u00e1tico de rastreo, localizaci\u00f3n.<br \/>\nNuestros resultados son el producto de la inversi\u00f3n permanente en  desarrollo, innovaci\u00f3n, tecnolog\u00eda \u00faltima generaci\u00f3n, dando como  resultado un confiable y eficaz dispositivo que permite brindarle al  usuario protecci\u00f3n total, las 24 horas, los 365 d\u00edas de a\u00f1o.<\/p>\n<p style=\"text-align: justify;\">&nbsp;<\/p>\n<p style=\"text-align: justify;\"><strong>Soluci\u00f3n FASTSEEKER<\/strong> \u00ae<strong> ::: &#8220;<\/strong><strong>Recuperaci\u00f3n y Monitoreo Satelital&#8221;<\/strong><\/p>\n<p style=\"text-align: justify;\">Es la m\u00e1s efectiva Soluci\u00f3n de Posicionamiento Global (GPS), con  Recuperaci\u00f3n Vehicular asistida telef\u00f3nicamente y con Funciones  Interactivas &#8211; Enlaces ( Acciones y Alertas ) &#8211; que pueden ser activadas  o desactivadas v\u00eda Internet desde cualquier dispositivo m\u00f3vil en cualquier momento para salvaguardar a su  Veh\u00edculo y a sus seres queridos.<br \/>\n<a href=\"http:\/\/www.teccial.com\/teccial\/wp-content\/uploads\/2012\/04\/Teccialruta.jpg\"><img loading=\"lazy\" class=\"size-full wp-image-216 aligncenter\" title=\"Teccialruta\" src=\"http:\/\/www.teccial.com\/teccial\/wp-content\/uploads\/2012\/04\/Teccialruta.jpg\" alt=\"\" width=\"473\" height=\"293\" srcset=\"http:\/\/teccial.com\/wp-content\/uploads\/2012\/04\/Teccialruta.jpg 356w, http:\/\/teccial.com\/wp-content\/uploads\/2012\/04\/Teccialruta-300x186.jpg 300w, http:\/\/teccial.com\/wp-content\/uploads\/2012\/04\/Teccialruta-150x93.jpg 150w\" sizes=\"(max-width: 473px) 100vw, 473px\" \/><\/a><\/p>\n<p style=\"text-align: justify;\"><a href=\"http:\/\/www.teccial.com\/teccial\/wp-content\/uploads\/2012\/04\/TECCIALondas3.jpg\"><img loading=\"lazy\" class=\"alignnone size-full wp-image-341\" title=\"TECCIALondas\" src=\"http:\/\/www.teccial.com\/teccial\/wp-content\/uploads\/2012\/04\/TECCIALondas3.jpg\" alt=\"teccial\" width=\"566\" height=\"143\" srcset=\"http:\/\/teccial.com\/wp-content\/uploads\/2012\/04\/TECCIALondas3.jpg 566w, http:\/\/teccial.com\/wp-content\/uploads\/2012\/04\/TECCIALondas3-300x75.jpg 300w, http:\/\/teccial.com\/wp-content\/uploads\/2012\/04\/TECCIALondas3-150x37.jpg 150w\" sizes=\"(max-width: 566px) 100vw, 566px\" \/><\/a><\/p>\n","protected":false},"excerpt":{"rendered":"<p>Nuestro soluci\u00f3n FASTSEEKER \u00ae\u00a0 de\u00a0 recuperaci\u00f3n vehicular se soporta en un moderno sistema telem\u00e1tico de rastreo, localizaci\u00f3n. Nuestros resultados son el producto de la inversi\u00f3n [&hellip;]<\/p>\n","protected":false},"author":1,"featured_media":0,"parent":31,"menu_order":1,"comment_status":"open","ping_status":"open","template":"","meta":[],"_links":{"self":[{"href":"http:\/\/teccial.com\/teccial\/index.php?rest_route=\/wp\/v2\/pages\/214"}],"collection":[{"href":"http:\/\/teccial.com\/teccial\/index.php?rest_route=\/wp\/v2\/pages"}],"about":[{"href":"http:\/\/teccial.com\/teccial\/index.php?rest_route=\/wp\/v2\/types\/page"}],"author":[{"embeddable":true,"href":"http:\/\/teccial.com\/teccial\/index.php?rest_route=\/wp\/v2\/users\/1"}],"replies":[{"embeddable":true,"href":"http:\/\/teccial.com\/teccial\/index.php?rest_route=%2Fwp%2Fv2%2Fcomments&post=214"}],"version-history":[{"count":5,"href":"http:\/\/teccial.com\/teccial\/index.php?rest_route=\/wp\/v2\/pages\/214\/revisions"}],"predecessor-version":[{"id":390,"href":"http:\/\/teccial.com\/teccial\/index.php?rest_route=\/wp\/v2\/pages\/214\/revisions\/390"}],"up":[{"embeddable":true,"href":"http:\/\/teccial.com\/teccial\/index.php?rest_route=\/wp\/v2\/pages\/31"}],"wp:attachment":[{"href":"http:\/\/teccial.com\/teccial\/index.php?rest_route=%2Fwp%2Fv2%2Fmedia&parent=214"}],"curies":[{"name":"wp","href":"https:\/\/api.w.org\/{rel}","templated":true}]}}