{"id":200,"date":"2012-04-13T20:15:00","date_gmt":"2012-04-14T01:15:00","guid":{"rendered":"http:\/\/www.teccial.com\/teccial\/?page_id=200"},"modified":"2012-04-16T11:50:24","modified_gmt":"2012-04-16T16:50:24","slug":"monitoreo-y-control-vehicular","status":"publish","type":"page","link":"http:\/\/teccial.com\/teccial\/?page_id=200","title":{"rendered":"Monitoreo y Control Veh\u00edcular"},"content":{"rendered":"<p><strong><em><a href=\"http:\/\/www.teccial.com\/teccial\/wp-content\/uploads\/2012\/04\/TeccialTRACK.jpg\"><img loading=\"lazy\" class=\"alignleft size-full wp-image-202\" title=\"TeccialTRACK\" src=\"http:\/\/www.teccial.com\/teccial\/wp-content\/uploads\/2012\/04\/TeccialTRACK.jpg\" alt=\"teccial\" width=\"324\" height=\"181\" srcset=\"http:\/\/teccial.com\/wp-content\/uploads\/2012\/04\/TeccialTRACK.jpg 403w, http:\/\/teccial.com\/wp-content\/uploads\/2012\/04\/TeccialTRACK-300x168.jpg 300w, http:\/\/teccial.com\/wp-content\/uploads\/2012\/04\/TeccialTRACK-150x84.jpg 150w\" sizes=\"(max-width: 324px) 100vw, 324px\" \/><\/a>Seguridad -Telecontrol de Veh\u00edculos. <\/em><\/strong><\/p>\n<p>FASTSEEKER SERVER R2 es una efectiva plataforma tecnol\u00f3gica que soporta tecnolog\u00eda satelital y celular permite\u00a0 dar\u00a0 mejor servicio de seguridad, comunicaci\u00f3n, asistencia y monitoreo, directamente desde un veh\u00edculo.<\/p>\n<p>FASTSEEKER permite englobar todos los sistemas bajo una misma interfaz. Con este sistema se puede localizar el autom\u00f3vil en caso de robo, acceder remotamente a ciertas funciones del veh\u00edculo, recibir mensajes de texto; al igual, que navegar en un sitio web v\u00eda internet desde cualquier dispositivo m\u00f3vil dando informaci\u00f3n fiable, segura y en tiempo real.<\/p>\n<p>FASTSEEKER es un conjunto de componentes OBC (On Board Computer) integrado con\u00a0 un modulo GPS (v\u00eda GPRS \u00f3 SATELITAL IRIDIUM) + Modulo Transmisi\u00f3n de Datos + Bater\u00edas compatibles con cualquier veh\u00edculo. Esto quiere decir que no es necesario realizar ning\u00fan cambio de modulo, solo se debe comprar el FASTSEEKER y listo.<\/p>\n<p>Es aplicado tambi\u00e9n a la Seguridad -Telecontrol de Flotas-Privadas<\/p>\n<p><strong><em>SEGURIDAD Y LOG\u00cdSTICA: <\/em><\/strong><\/p>\n<p>Teccial es una empresa Tecnol\u00f3gica especializada en soluciones aplicadas a la gesti\u00f3n y recuperaci\u00f3n de veh\u00edculos; se cuenta con una plataforma de Hardware y Software. Dentro del Hardware se cuenta con equipo Computadores a Bordo (OBC) , m\u00f3dulos GPS, m\u00f3dulos GPRS, interfaces para integrar componentes varios para interactuar con el conductor. \u00a0Dentro del Software se cuenta con servidores Gateway para integrar miles de dispositivos GPS, servidores WEB para interactuar que los usuarios finales interact\u00faen con sus veh\u00edculos y para que el Administrador de la Flota opere los veh\u00edculos\u00a0 seg\u00fan las necesidades de log\u00edstica empresariales. Dentro del servicio de Call Center, dispone de una infraestructura para integrar la operaci\u00f3n remota de los veh\u00edculos con un sistema de supervisi\u00f3n de los veh\u00edculos y de la calidad de servicio ofrecida a los usuarios finales.<\/p>\n<p>&nbsp;<\/p>\n<p>Teccial es el fabricante de productos y soluciones de seguridad log\u00edstica tanto de los Equipos como del Software. Teccial cuenta con los certificados de Propiedad Intelectual emitidos por IEPI.<\/p>\n<p>&nbsp;<\/p>\n<p>Al momento cuenta con las siguientes funcionalidades:<\/p>\n<ul>\n<li>Provisi\u00f3n y Mantenci\u00f3n del Equipamiento de Localizaci\u00f3n y Control (AVL)<\/li>\n<li>Nuestro OBC [Computador A Bordo] cuenta con una comunicaci\u00f3n dos v\u00edas chofer \u2013 central de operaci\u00f3n log\u00edstica.<\/li>\n<li> Alerta Bot\u00f3n de P\u00e1nico integrada a la Central de Radio Patrulla de la Polic\u00eda Nacional del Ecuador<\/li>\n<\/ul>\n<p><a href=\"http:\/\/www.teccial.com\/teccial\/wp-content\/uploads\/2012\/04\/TeccialGEOreferenciado1.jpg\"><img loading=\"lazy\" class=\"alignleft size-large wp-image-209\" title=\"TeccialGEOreferenciado\" src=\"http:\/\/www.teccial.com\/teccial\/wp-content\/uploads\/2012\/04\/TeccialGEOreferenciado1-1024x183.jpg\" alt=\"\" width=\"583\" height=\"149\" \/><\/a><\/p>\n<p>&nbsp;<\/p>\n<p><strong>TECCIAL cuenta con un Centro de Computo Especializado con Servidores Gateway y Servidores de Aplicaciones especializados en aplicaciones Telem\u00e1ticas avanzadas y econ\u00f3micas que permiten establecer plataformas privadas en la nube a nuestros clientes. <\/strong><\/p>\n<p><strong>TECCIAL es pionero y l\u00edder en proveer tecnolog\u00eda de punta el mercado del Transporte en Ecuador, operando unidades de Transporte Publico y Privado a nivel nacional desde el a\u00f1o 2005.<\/strong><\/p>\n<p>&nbsp;<\/p>\n<p><strong><em>Funcionalidades<\/em><\/strong><\/p>\n<p>Las principales funciones que se gestionan con nuestra soluci\u00f3n han ido ampli\u00e1ndose con los a\u00f1os, ya que personalizamos las funciones seg\u00fan sus necesidades. Las m\u00e1s habituales suelen ser:<\/p>\n<ul>\n<li>Localizaci\u00f3n y Navegaci\u00f3n GPS, con informaci\u00f3n en      tiempo real<\/li>\n<li>Localizaci\u00f3n y seguimiento del veh\u00edculo en caso de      robo, asistido con el Bot\u00f3n de P\u00e1nico<\/li>\n<li>Env\u00edo de      mensajes de texto \u00f3 mails personalizados (alerta de alarmas, paradas no      permitidas, lugares concurrentes, desv\u00edos de ruta, etc\u2026)<\/li>\n<li>Las programaciones y control pueden ser \u00a0desde un tel\u00e9fono celular<\/li>\n<li>Integraci\u00f3n de otros dispositivos<\/li>\n<\/ul>\n<p style=\"text-align: justify;\"><a href=\"http:\/\/www.teccial.com\/teccial\/wp-content\/uploads\/2012\/04\/TECCIALondas3.jpg\"><img loading=\"lazy\" class=\"alignnone size-full wp-image-341\" title=\"TECCIALondas\" src=\"http:\/\/www.teccial.com\/teccial\/wp-content\/uploads\/2012\/04\/TECCIALondas3.jpg\" alt=\"teccial\" width=\"566\" height=\"143\" srcset=\"http:\/\/teccial.com\/wp-content\/uploads\/2012\/04\/TECCIALondas3.jpg 566w, http:\/\/teccial.com\/wp-content\/uploads\/2012\/04\/TECCIALondas3-300x75.jpg 300w, http:\/\/teccial.com\/wp-content\/uploads\/2012\/04\/TECCIALondas3-150x37.jpg 150w\" sizes=\"(max-width: 566px) 100vw, 566px\" \/><\/a><\/p>\n","protected":false},"excerpt":{"rendered":"<p>Seguridad -Telecontrol de Veh\u00edculos. FASTSEEKER SERVER R2 es una efectiva plataforma tecnol\u00f3gica que soporta tecnolog\u00eda satelital y celular permite\u00a0 dar\u00a0 mejor servicio de seguridad, comunicaci\u00f3n, [&hellip;]<\/p>\n","protected":false},"author":1,"featured_media":0,"parent":31,"menu_order":0,"comment_status":"open","ping_status":"open","template":"","meta":[],"_links":{"self":[{"href":"http:\/\/teccial.com\/teccial\/index.php?rest_route=\/wp\/v2\/pages\/200"}],"collection":[{"href":"http:\/\/teccial.com\/teccial\/index.php?rest_route=\/wp\/v2\/pages"}],"about":[{"href":"http:\/\/teccial.com\/teccial\/index.php?rest_route=\/wp\/v2\/types\/page"}],"author":[{"embeddable":true,"href":"http:\/\/teccial.com\/teccial\/index.php?rest_route=\/wp\/v2\/users\/1"}],"replies":[{"embeddable":true,"href":"http:\/\/teccial.com\/teccial\/index.php?rest_route=%2Fwp%2Fv2%2Fcomments&post=200"}],"version-history":[{"count":10,"href":"http:\/\/teccial.com\/teccial\/index.php?rest_route=\/wp\/v2\/pages\/200\/revisions"}],"predecessor-version":[{"id":389,"href":"http:\/\/teccial.com\/teccial\/index.php?rest_route=\/wp\/v2\/pages\/200\/revisions\/389"}],"up":[{"embeddable":true,"href":"http:\/\/teccial.com\/teccial\/index.php?rest_route=\/wp\/v2\/pages\/31"}],"wp:attachment":[{"href":"http:\/\/teccial.com\/teccial\/index.php?rest_route=%2Fwp%2Fv2%2Fmedia&parent=200"}],"curies":[{"name":"wp","href":"https:\/\/api.w.org\/{rel}","templated":true}]}}